{"id":495,"date":"2026-05-05T17:47:46","date_gmt":"2026-05-05T17:47:46","guid":{"rendered":"https:\/\/dev.arivet.com\/?post_type=product&#038;p=495"},"modified":"2026-05-05T17:48:59","modified_gmt":"2026-05-05T17:48:59","slug":"mikroschema-biomark","status":"publish","type":"product","link":"https:\/\/dev.arivet.com\/en\/product\/mikroschema-biomark\/","title":{"rendered":"Mikroschema BIOMARK"},"content":{"rendered":"<h3>Ap\u017evalga<\/h3>\n<p>Biomark PIT mikroschemos yra auk\u0161\u010diausios kokyb\u0117s RFID mikroschemos, esan\u010dios rinkoje. Jos pla\u010diai naudojamos \u017euvininkyst\u0117je, akvakult\u016broje bei laukin\u0117s gamtos tyrimams ir steb\u0117jimams. Mikroschemos yra inkapsuluotos \u012f biologi\u0161kai tvar\u0173 stikl\u0105 ir u\u017etikrina 100% unikali\u0105 identifikacij\u0105.<\/p>\n<h3>Savyb\u0117s<\/h3>\n<ul>\n<li>Skirtos \u017euvininkystei, akvakult\u016brai ir laukin\u0117s gamtos tyrimams<\/li>\n<li>Biologi\u0161kai tvarus stiklo korpusas<\/li>\n<li>100% unikali identifikacija<\/li>\n<li>Galima \u012fsigyti \u012fvairi\u0173 dyd\u017ei\u0173 ir \u012fpakavim\u0173<\/li>\n<li>Auk\u0161tas patikimumas ir ilgaam\u017ei\u0161kumas<\/li>\n<\/ul>\n<h3>Naudojimo sritys<\/h3>\n<ul>\n<li>\u017duv\u0173 \u017eenklinimas<\/li>\n<li>Akvakult\u016bros tyrimai<\/li>\n<li>Laukini\u0173 gyv\u016bn\u0173 steb\u0117jimas<\/li>\n<li>Ilgalaikiai moksliniai projektai<\/li>\n<\/ul>","protected":false},"excerpt":{"rendered":"<p>Biomark PIT mikroschemos yra auk\u0161\u010diausios kokyb\u0117s RFID mikroschemos, skirtos \u017euvininkystei, akvakult\u016brai ir laukin\u0117s gamtos tyrimams. Inkapsuliuotos \u012f biologi\u0161kai tvar\u0173 stikl\u0105, jos u\u017etikrina 100% unikali\u0105 identifikacij\u0105 ir yra prieinamos \u012fvairi\u0173 dyd\u017ei\u0173 bei \u012fpakavim\u0173.<\/p>","protected":false},"featured_media":497,"template":"","meta":{"_kadence_starter_templates_imported_post":false,"_kad_post_transparent":"default","_kad_post_title":"","_kad_post_layout":"default","_kad_post_sidebar_id":"","_kad_post_content_style":"default","_kad_post_vertical_padding":"default","_kad_post_feature":"","_kad_post_feature_position":"","_kad_post_header":false,"_kad_post_footer":false,"_kad_post_classname":""},"product_brand":[109],"product_cat":[51,114,56],"product_tag":[112,117,116,115,110,113],"class_list":{"0":"post-495","1":"product","2":"type-product","3":"status-publish","4":"has-post-thumbnail","6":"product_brand-biomark","7":"product_cat-gyvuliu-identifikacija","8":"product_cat-mikroschemos","9":"product_cat-zuvys","10":"product_tag-biomark","11":"product_tag-identifikacija","12":"product_tag-mikroschema","13":"product_tag-pit","14":"product_tag-rfid","15":"product_tag-zuvys","17":"first","18":"instock","19":"taxable","20":"shipping-taxable","21":"purchasable","22":"product-type-simple","23":"entry","24":"content-bg","25":"loop-entry"},"_links":{"self":[{"href":"https:\/\/dev.arivet.com\/en\/wp-json\/wp\/v2\/product\/495","targetHints":{"allow":["GET"]}}],"collection":[{"href":"https:\/\/dev.arivet.com\/en\/wp-json\/wp\/v2\/product"}],"about":[{"href":"https:\/\/dev.arivet.com\/en\/wp-json\/wp\/v2\/types\/product"}],"wp:featuredmedia":[{"embeddable":true,"href":"https:\/\/dev.arivet.com\/en\/wp-json\/wp\/v2\/media\/497"}],"wp:attachment":[{"href":"https:\/\/dev.arivet.com\/en\/wp-json\/wp\/v2\/media?parent=495"}],"wp:term":[{"taxonomy":"product_brand","embeddable":true,"href":"https:\/\/dev.arivet.com\/en\/wp-json\/wp\/v2\/product_brand?post=495"},{"taxonomy":"product_cat","embeddable":true,"href":"https:\/\/dev.arivet.com\/en\/wp-json\/wp\/v2\/product_cat?post=495"},{"taxonomy":"product_tag","embeddable":true,"href":"https:\/\/dev.arivet.com\/en\/wp-json\/wp\/v2\/product_tag?post=495"}],"curies":[{"name":"wp","href":"https:\/\/api.w.org\/{rel}","templated":true}]}}