{"id":492,"date":"2026-05-05T17:40:14","date_gmt":"2026-05-05T17:40:14","guid":{"rendered":"https:\/\/dev.arivet.com\/?post_type=product&#038;p=492"},"modified":"2026-05-05T17:40:15","modified_gmt":"2026-05-05T17:40:15","slug":"skaitytuvas-biomark","status":"publish","type":"product","link":"https:\/\/dev.arivet.com\/en\/product\/skaitytuvas-biomark\/","title":{"rendered":"Skaitytuvas BIOMARK"},"content":{"rendered":"<h3><strong>Skaitytuvo savyb\u0117s<\/strong><\/h3>\n<ul>\n<li>Atsparus sm\u016bgiams ir vandeniui<\/li>\n<li>Platus mikroschemos aptikimo diapazonas, \u012fskaitant:\n<ul>\n<li>ISO 11784\/11785 FDX\u2011B ir HDX<\/li>\n<li>FDX\u2011B Fastag<\/li>\n<li>FDX\u2011B BioThermo temperat\u016bros jutimas<\/li>\n<li>FDX\u2011A (FECAVA)<\/li>\n<li>Avid Encrypted<\/li>\n<\/ul>\n<\/li>\n<\/ul>\n<ul>\n<li>Atminties talpa: daugiau kaip <strong>50,000<\/strong> ID su data\/laiku ir temperat\u016bra<\/li>\n<li>Vidin\u0117 2V li\u010dio jon\u0173 \u012fkraunama baterija<\/li>\n<li>Ap\u0161viestas LCD didelio kontrasto 38\u00d738 mm ekranas<\/li>\n<li>Vaizdinis, garsinis ir vibruojantis \u012fsp\u0117jimas<\/li>\n<li>Belaidis Bluetooth ry\u0161ys<\/li>\n<li>Micro USB pajungimas \/ pakrovimas<\/li>\n<\/ul>","protected":false},"excerpt":{"rendered":"<h3><strong>Ap\u017evalga<\/strong><\/h3>\n<p>HPR Lite\u2122 yra ne\u0161iojamasis delninis skaitytuvas, kurio radijo da\u017enio nustatymas (RFID) PIT \u012fsag\u0173 skaitytuvas skirtas naudoti gyv\u016bn\u0173 \u017eenklinime. HPR Lite skaitytuvas buvo sukurtas specialiai naudoti \u017euv\u0173 ir laukin\u0117s gamtos tyrim\u0173 programoms.<\/p>","protected":false},"featured_media":493,"template":"","meta":{"_kadence_starter_templates_imported_post":false,"_kad_post_transparent":"default","_kad_post_title":"","_kad_post_layout":"default","_kad_post_sidebar_id":"","_kad_post_content_style":"default","_kad_post_vertical_padding":"default","_kad_post_feature":"","_kad_post_feature_position":"","_kad_post_header":false,"_kad_post_footer":false,"_kad_post_classname":""},"product_brand":[109],"product_cat":[51,67,56],"product_tag":[112,111,110,81,113],"class_list":{"0":"post-492","1":"product","2":"type-product","3":"status-publish","4":"has-post-thumbnail","6":"product_brand-biomark","7":"product_cat-gyvuliu-identifikacija","8":"product_cat-skaitytuvai","9":"product_cat-zuvys","10":"product_tag-biomark","11":"product_tag-pit-tag-reader","12":"product_tag-rfid","13":"product_tag-skaitytuvas","14":"product_tag-zuvys","16":"first","17":"instock","18":"taxable","19":"shipping-taxable","20":"purchasable","21":"product-type-simple","22":"entry","23":"content-bg","24":"loop-entry"},"_links":{"self":[{"href":"https:\/\/dev.arivet.com\/en\/wp-json\/wp\/v2\/product\/492","targetHints":{"allow":["GET"]}}],"collection":[{"href":"https:\/\/dev.arivet.com\/en\/wp-json\/wp\/v2\/product"}],"about":[{"href":"https:\/\/dev.arivet.com\/en\/wp-json\/wp\/v2\/types\/product"}],"wp:featuredmedia":[{"embeddable":true,"href":"https:\/\/dev.arivet.com\/en\/wp-json\/wp\/v2\/media\/493"}],"wp:attachment":[{"href":"https:\/\/dev.arivet.com\/en\/wp-json\/wp\/v2\/media?parent=492"}],"wp:term":[{"taxonomy":"product_brand","embeddable":true,"href":"https:\/\/dev.arivet.com\/en\/wp-json\/wp\/v2\/product_brand?post=492"},{"taxonomy":"product_cat","embeddable":true,"href":"https:\/\/dev.arivet.com\/en\/wp-json\/wp\/v2\/product_cat?post=492"},{"taxonomy":"product_tag","embeddable":true,"href":"https:\/\/dev.arivet.com\/en\/wp-json\/wp\/v2\/product_tag?post=492"}],"curies":[{"name":"wp","href":"https:\/\/api.w.org\/{rel}","templated":true}]}}