{"id":334,"date":"2026-03-24T16:35:12","date_gmt":"2026-03-24T16:35:12","guid":{"rendered":"https:\/\/dev.arivet.com\/?post_type=product&#038;p=334"},"modified":"2026-04-10T16:06:49","modified_gmt":"2026-04-10T16:06:49","slug":"universaliu-zorya-isagu-repliu-adata","status":"publish","type":"product","link":"https:\/\/dev.arivet.com\/en\/product\/universaliu-zorya-isagu-repliu-adata\/","title":{"rendered":"Universali\u0173 ZORYA \u012fsag\u0173 repli\u0173 adata"},"content":{"rendered":"<p><strong>Ap\u017evalga<\/strong><\/p>\n<p>Universali ZORYA repli\u0173 adata, tinkama visiems ZORYA \u012fsagams segti.<\/p>\n<p><strong>Kaina:<\/strong> 3,63 Eur (3,00 Eur be PVM)<br \/>\n<strong>Kategorija:<\/strong> Galvijai, avys ir o\u017ekos, kiaul\u0117s<\/p>","protected":false},"excerpt":{"rendered":"<p>Pakaitin\u0117 adata, tinkanti visoms ZORYA \u012fsag\u0173 repl\u0117ms.<\/p>","protected":false},"featured_media":331,"template":"","meta":{"_kadence_starter_templates_imported_post":false,"_kad_post_transparent":"default","_kad_post_title":"","_kad_post_layout":"default","_kad_post_sidebar_id":"","_kad_post_content_style":"default","_kad_post_vertical_padding":"default","_kad_post_feature":"","_kad_post_feature_position":"","_kad_post_header":false,"_kad_post_footer":false,"_kad_post_classname":""},"product_brand":[108],"product_cat":[53,52,51,65,66,54],"product_tag":[96,95,80,94,107],"class_list":{"0":"post-334","1":"product","2":"type-product","3":"status-publish","4":"has-post-thumbnail","6":"product_brand-zorya-animal-id","7":"product_cat-avys-ir-ozkos","8":"product_cat-galvijai","9":"product_cat-gyvuliu-identifikacija","10":"product_cat-iranga","11":"product_cat-isagu-reples","12":"product_cat-kiaules","13":"product_tag-elektroniniai-isagai","14":"product_tag-galvijai","15":"product_tag-gyvuliu-identifikacija","16":"product_tag-isagai","17":"product_tag-zorya","19":"first","20":"instock","21":"taxable","22":"shipping-taxable","23":"purchasable","24":"product-type-simple","25":"entry","26":"content-bg","27":"loop-entry"},"_links":{"self":[{"href":"https:\/\/dev.arivet.com\/en\/wp-json\/wp\/v2\/product\/334","targetHints":{"allow":["GET"]}}],"collection":[{"href":"https:\/\/dev.arivet.com\/en\/wp-json\/wp\/v2\/product"}],"about":[{"href":"https:\/\/dev.arivet.com\/en\/wp-json\/wp\/v2\/types\/product"}],"wp:featuredmedia":[{"embeddable":true,"href":"https:\/\/dev.arivet.com\/en\/wp-json\/wp\/v2\/media\/331"}],"wp:attachment":[{"href":"https:\/\/dev.arivet.com\/en\/wp-json\/wp\/v2\/media?parent=334"}],"wp:term":[{"taxonomy":"product_brand","embeddable":true,"href":"https:\/\/dev.arivet.com\/en\/wp-json\/wp\/v2\/product_brand?post=334"},{"taxonomy":"product_cat","embeddable":true,"href":"https:\/\/dev.arivet.com\/en\/wp-json\/wp\/v2\/product_cat?post=334"},{"taxonomy":"product_tag","embeddable":true,"href":"https:\/\/dev.arivet.com\/en\/wp-json\/wp\/v2\/product_tag?post=334"}],"curies":[{"name":"wp","href":"https:\/\/api.w.org\/{rel}","templated":true}]}}