{"id":333,"date":"2026-03-24T16:31:07","date_gmt":"2026-03-24T16:31:07","guid":{"rendered":"https:\/\/dev.arivet.com\/?post_type=product&#038;p=333"},"modified":"2026-03-24T16:39:42","modified_gmt":"2026-03-24T16:39:42","slug":"universalios-zorya-isagu-reples-xl","status":"publish","type":"product","link":"https:\/\/dev.arivet.com\/en\/product\/universalios-zorya-isagu-reples-xl\/","title":{"rendered":"Universalios ZORYA \u012fsag\u0173 repl\u0117s XL"},"content":{"rendered":"<p><strong>Ap\u017evalga<\/strong><\/p>\n<p>Universalios ZORYA XL repl\u0117s pagamintos i\u0161 metalo, tod\u0117l yra ilgaam\u017e\u0117s ir patikimos. Komplekte yra pakaitin\u0117 adata. Tinka visiems ZORYA \u012fsagams.<\/p>\n<p><strong>Kaina:<\/strong> 16,94 Eur (14 Eur be PVM)<\/p>\n<p><strong>Kategorija:<\/strong> Galvijai, avys ir o\u017ekos, kiaul\u0117s<\/p>","protected":false},"excerpt":{"rendered":"<p>Patvarios metalin\u0117s ZORYA XL repl\u0117s, tinkamos visiems ZORYA \u012fsagams \u012fsegti. Komplekte \u2013 pakaitin\u0117 adata.<\/p>","protected":false},"featured_media":330,"template":"","meta":{"_kadence_starter_templates_imported_post":false,"_kad_post_transparent":"default","_kad_post_title":"","_kad_post_layout":"default","_kad_post_sidebar_id":"","_kad_post_content_style":"default","_kad_post_vertical_padding":"default","_kad_post_feature":"","_kad_post_feature_position":"","_kad_post_header":false,"_kad_post_footer":false,"_kad_post_classname":""},"product_brand":[108],"product_cat":[53,52,51,65,66,54],"product_tag":[96,95,80,94,107],"class_list":{"0":"post-333","1":"product","2":"type-product","3":"status-publish","4":"has-post-thumbnail","6":"product_brand-zorya-animal-id","7":"product_cat-avys-ir-ozkos","8":"product_cat-galvijai","9":"product_cat-gyvuliu-identifikacija","10":"product_cat-iranga","11":"product_cat-isagu-reples","12":"product_cat-kiaules","13":"product_tag-elektroniniai-isagai","14":"product_tag-galvijai","15":"product_tag-gyvuliu-identifikacija","16":"product_tag-isagai","17":"product_tag-zorya","19":"first","20":"instock","21":"taxable","22":"shipping-taxable","23":"purchasable","24":"product-type-simple","25":"entry","26":"content-bg","27":"loop-entry"},"_links":{"self":[{"href":"https:\/\/dev.arivet.com\/en\/wp-json\/wp\/v2\/product\/333","targetHints":{"allow":["GET"]}}],"collection":[{"href":"https:\/\/dev.arivet.com\/en\/wp-json\/wp\/v2\/product"}],"about":[{"href":"https:\/\/dev.arivet.com\/en\/wp-json\/wp\/v2\/types\/product"}],"wp:featuredmedia":[{"embeddable":true,"href":"https:\/\/dev.arivet.com\/en\/wp-json\/wp\/v2\/media\/330"}],"wp:attachment":[{"href":"https:\/\/dev.arivet.com\/en\/wp-json\/wp\/v2\/media?parent=333"}],"wp:term":[{"taxonomy":"product_brand","embeddable":true,"href":"https:\/\/dev.arivet.com\/en\/wp-json\/wp\/v2\/product_brand?post=333"},{"taxonomy":"product_cat","embeddable":true,"href":"https:\/\/dev.arivet.com\/en\/wp-json\/wp\/v2\/product_cat?post=333"},{"taxonomy":"product_tag","embeddable":true,"href":"https:\/\/dev.arivet.com\/en\/wp-json\/wp\/v2\/product_tag?post=333"}],"curies":[{"name":"wp","href":"https:\/\/api.w.org\/{rel}","templated":true}]}}