{"id":332,"date":"2026-03-24T16:24:32","date_gmt":"2026-03-24T16:24:32","guid":{"rendered":"https:\/\/dev.arivet.com\/?post_type=product&#038;p=332"},"modified":"2026-03-24T16:29:05","modified_gmt":"2026-03-24T16:29:05","slug":"atgaminami-isagai-galvijams-zorya","status":"publish","type":"product","link":"https:\/\/dev.arivet.com\/en\/product\/atgaminami-isagai-galvijams-zorya\/","title":{"rendered":"Atgaminami \u012fsagai galvijams ZORYA"},"content":{"rendered":"<p><strong>Ap\u017evalga<\/strong> ZORYA \u012fsagai atitinka ISO ir ICAR standartus, yra saug\u016bs naudoti. A\u0161trus antgalis skirtas lengvai pritvirtinti prie bet kokio gyv\u016bno ausies. Laisvas sukimasis tarp abiej\u0173 dali\u0173. Atspar\u016bs nuo -25\u00b0C iki +80\u00b0C, UV spinduliams ir at\u0161iaurioms oro s\u0105lygoms.<\/p>\n<p><strong>Gamintojas:<\/strong> ZORYA<br \/>\n<strong>Kaina 1 vnt.:<\/strong> 1,40 Eur (1,16 Eur be PVM)<br \/>\n<strong>Kategorija:<\/strong> Galvijai<\/p>\n<p><strong>Kainos pastaba:<\/strong><br \/>\nKaina nesikei\u010dia pagal kiek\u012f.<br \/>\nPristatymas nuo 500 \u012fsag\u0173 \u2013 nemokamas.<\/p>","protected":false},"excerpt":{"rendered":"<p>Atsarginiai ZORYA galvij\u0173 \u012fsagai, tinkami pakartotiniam \u012fsegimui. Atitinka ISO ir ICAR standartus, atspar\u016bs UV ir ekstremalioms oro s\u0105lygoms.<\/p>","protected":false},"featured_media":324,"template":"","meta":{"_kadence_starter_templates_imported_post":false,"_kad_post_transparent":"default","_kad_post_title":"","_kad_post_layout":"default","_kad_post_sidebar_id":"","_kad_post_content_style":"default","_kad_post_vertical_padding":"default","_kad_post_feature":"","_kad_post_feature_position":"","_kad_post_header":false,"_kad_post_footer":false,"_kad_post_classname":""},"product_brand":[108],"product_cat":[52,51,65,66],"product_tag":[96,95,80,94,107],"class_list":{"0":"post-332","1":"product","2":"type-product","3":"status-publish","4":"has-post-thumbnail","6":"product_brand-zorya-animal-id","7":"product_cat-galvijai","8":"product_cat-gyvuliu-identifikacija","9":"product_cat-iranga","10":"product_cat-isagu-reples","11":"product_tag-elektroniniai-isagai","12":"product_tag-galvijai","13":"product_tag-gyvuliu-identifikacija","14":"product_tag-isagai","15":"product_tag-zorya","17":"first","18":"instock","19":"taxable","20":"shipping-taxable","21":"purchasable","22":"product-type-simple","23":"entry","24":"content-bg","25":"loop-entry"},"_links":{"self":[{"href":"https:\/\/dev.arivet.com\/en\/wp-json\/wp\/v2\/product\/332","targetHints":{"allow":["GET"]}}],"collection":[{"href":"https:\/\/dev.arivet.com\/en\/wp-json\/wp\/v2\/product"}],"about":[{"href":"https:\/\/dev.arivet.com\/en\/wp-json\/wp\/v2\/types\/product"}],"wp:featuredmedia":[{"embeddable":true,"href":"https:\/\/dev.arivet.com\/en\/wp-json\/wp\/v2\/media\/324"}],"wp:attachment":[{"href":"https:\/\/dev.arivet.com\/en\/wp-json\/wp\/v2\/media?parent=332"}],"wp:term":[{"taxonomy":"product_brand","embeddable":true,"href":"https:\/\/dev.arivet.com\/en\/wp-json\/wp\/v2\/product_brand?post=332"},{"taxonomy":"product_cat","embeddable":true,"href":"https:\/\/dev.arivet.com\/en\/wp-json\/wp\/v2\/product_cat?post=332"},{"taxonomy":"product_tag","embeddable":true,"href":"https:\/\/dev.arivet.com\/en\/wp-json\/wp\/v2\/product_tag?post=332"}],"curies":[{"name":"wp","href":"https:\/\/api.w.org\/{rel}","templated":true}]}}