{"id":323,"date":"2026-03-24T16:01:10","date_gmt":"2026-03-24T16:01:10","guid":{"rendered":"https:\/\/dev.arivet.com\/?post_type=product&#038;p=323"},"modified":"2026-04-10T16:18:02","modified_gmt":"2026-04-10T16:18:02","slug":"isagai-galvijams-zorya-pora","status":"publish","type":"product","link":"https:\/\/dev.arivet.com\/en\/product\/isagai-galvijams-zorya-pora\/","title":{"rendered":"\u012esagai galvijams ZORYA (pora)"},"content":{"rendered":"<p><strong>Ap\u017evalga<\/strong><\/p>\n<p>ZORYA \u012fsagai atitinka ISO ir ICAR standartus, yra saug\u016bs naudoti. A\u0161trus antgalis skirtas lengvai pritvirtinti prie bet kokio gyv\u016bno ausies. Laisvas sukimasis tarp abiej\u0173 dali\u0173. \u012esag\u0173 atsparumas nuo -25\u00b0C iki +80\u00b0C, UV spinduliams, at\u0161iaurioms aplinkos ir oro s\u0105lygoms.<\/p>\n<p><strong>Gamintojas:<\/strong> ZORYA<br \/>\n<strong>Kaina poros:<\/strong> 1,05 Eur (0,87 Eur be PVM)<br \/>\n<strong>Kategorija:<\/strong> Galvijai<\/p>\n<p><strong>Kainos pastaba:<\/strong><\/p>\n<ul>\n<li>1\u201349 por\u0173: 1,05 \u20ac<\/li>\n<li>50+ por\u0173: 0,96 \u20ac<\/li>\n<li>Pristatymas nuo 250 por\u0173 \u2013 nemokamas.<\/li>\n<\/ul>","protected":false},"excerpt":{"rendered":"<p>ZORYA galvij\u0173 \u012fsagai atitinka ISO ir ICAR standartus, atspar\u016bs UV spinduliams ir at\u0161iaurioms oro s\u0105lygoms. A\u0161trus antgalis u\u017etikrina lengv\u0105 \u012fsegim\u0105, o laisvas sukimasis tarp dali\u0173 suteikia patogum\u0105 gyv\u016bnui.<\/p>","protected":false},"featured_media":328,"template":"","meta":{"_kadence_starter_templates_imported_post":false,"_kad_post_transparent":"default","_kad_post_title":"","_kad_post_layout":"default","_kad_post_sidebar_id":"","_kad_post_content_style":"default","_kad_post_vertical_padding":"default","_kad_post_feature":"","_kad_post_feature_position":"","_kad_post_header":false,"_kad_post_footer":false,"_kad_post_classname":""},"product_brand":[108],"product_cat":[52,51,65,66],"product_tag":[96,95,80,94,107],"class_list":{"0":"post-323","1":"product","2":"type-product","3":"status-publish","4":"has-post-thumbnail","6":"product_brand-zorya-animal-id","7":"product_cat-galvijai","8":"product_cat-gyvuliu-identifikacija","9":"product_cat-iranga","10":"product_cat-isagu-reples","11":"product_tag-elektroniniai-isagai","12":"product_tag-galvijai","13":"product_tag-gyvuliu-identifikacija","14":"product_tag-isagai","15":"product_tag-zorya","17":"first","18":"instock","19":"taxable","20":"shipping-taxable","21":"purchasable","22":"product-type-simple","23":"entry","24":"content-bg","25":"loop-entry"},"_links":{"self":[{"href":"https:\/\/dev.arivet.com\/en\/wp-json\/wp\/v2\/product\/323","targetHints":{"allow":["GET"]}}],"collection":[{"href":"https:\/\/dev.arivet.com\/en\/wp-json\/wp\/v2\/product"}],"about":[{"href":"https:\/\/dev.arivet.com\/en\/wp-json\/wp\/v2\/types\/product"}],"wp:featuredmedia":[{"embeddable":true,"href":"https:\/\/dev.arivet.com\/en\/wp-json\/wp\/v2\/media\/328"}],"wp:attachment":[{"href":"https:\/\/dev.arivet.com\/en\/wp-json\/wp\/v2\/media?parent=323"}],"wp:term":[{"taxonomy":"product_brand","embeddable":true,"href":"https:\/\/dev.arivet.com\/en\/wp-json\/wp\/v2\/product_brand?post=323"},{"taxonomy":"product_cat","embeddable":true,"href":"https:\/\/dev.arivet.com\/en\/wp-json\/wp\/v2\/product_cat?post=323"},{"taxonomy":"product_tag","embeddable":true,"href":"https:\/\/dev.arivet.com\/en\/wp-json\/wp\/v2\/product_tag?post=323"}],"curies":[{"name":"wp","href":"https:\/\/api.w.org\/{rel}","templated":true}]}}