{"id":27,"date":"2026-02-28T16:02:58","date_gmt":"2026-02-28T16:02:58","guid":{"rendered":"https:\/\/dev.arivet.com\/?page_id=27"},"modified":"2026-04-10T16:31:52","modified_gmt":"2026-04-10T16:31:52","slug":"kontaktai","status":"publish","type":"page","link":"https:\/\/dev.arivet.com\/en\/kontaktai\/","title":{"rendered":"Kontaktai"},"content":{"rendered":"<style>.kb-row-layout-id27_ed976d-7d > .kt-row-column-wrap{align-content:start;}:where(.kb-row-layout-id27_ed976d-7d > .kt-row-column-wrap) > .wp-block-kadence-column{justify-content:start;}.kb-row-layout-id27_ed976d-7d > .kt-row-column-wrap{column-gap:var(--global-kb-gap-md, 2rem);row-gap:var(--global-kb-gap-md, 2rem);padding-top:var(--global-kb-spacing-sm, 1.5rem);padding-bottom:var(--global-kb-spacing-sm, 1.5rem);grid-template-columns:repeat(2, minmax(0, 1fr));}.kb-row-layout-id27_ed976d-7d > .kt-row-layout-overlay{opacity:0.30;}@media all and (max-width: 1024px){.kb-row-layout-id27_ed976d-7d > .kt-row-column-wrap{grid-template-columns:repeat(2, minmax(0, 1fr));}}@media all and (max-width: 767px){.kb-row-layout-id27_ed976d-7d > .kt-row-column-wrap{grid-template-columns:minmax(0, 1fr);}}<\/style><div class=\"kb-row-layout-wrap kb-row-layout-id27_ed976d-7d alignnone wp-block-kadence-rowlayout\"><div class=\"kt-row-column-wrap kt-has-2-columns kt-row-layout-equal kt-tab-layout-inherit kt-mobile-layout-row kt-row-valign-top\">\n<style>.kadence-column27_2a9622-e9 > .kt-inside-inner-col{display:flex;}.kadence-column27_2a9622-e9 > .kt-inside-inner-col{box-shadow:20px 20px 30px 0px rgba(0, 0, 0, 0.2);border-top:6px solid transparent;border-right:6px solid transparent;border-bottom:6px solid transparent;border-left:6px solid transparent;}.kadence-column27_2a9622-e9 > .kt-inside-inner-col,.kadence-column27_2a9622-e9 > .kt-inside-inner-col:before{border-top-left-radius:6px;border-top-right-radius:6px;border-bottom-right-radius:6px;border-bottom-left-radius:6px;}.kadence-column27_2a9622-e9 > .kt-inside-inner-col{row-gap:var(--global-kb-gap-none, 0rem );column-gap:var(--global-kb-gap-sm, 1rem);}.kadence-column27_2a9622-e9 > .kt-inside-inner-col{flex-direction:column;}.kadence-column27_2a9622-e9 > .kt-inside-inner-col > .aligncenter{width:100%;}.kadence-column27_2a9622-e9 > .kt-inside-inner-col:before{opacity:0.3;}.kadence-column27_2a9622-e9{position:relative;}@media all and (max-width: 1024px){.kadence-column27_2a9622-e9 > .kt-inside-inner-col{border-top:6px solid transparent;border-right:6px solid transparent;border-bottom:6px solid transparent;border-left:6px solid transparent;flex-direction:column;justify-content:center;}}@media all and (max-width: 767px){.kadence-column27_2a9622-e9 > .kt-inside-inner-col{border-top:6px solid transparent;border-right:6px solid transparent;border-bottom:6px solid transparent;border-left:6px solid transparent;flex-direction:column;justify-content:center;}}<\/style>\n<div class=\"wp-block-kadence-column kadence-column27_2a9622-e9\"><div class=\"kt-inside-inner-col\">\n<h2 class=\"wp-block-heading\">Susisiekite su mumis<\/h2>\n\n\n\n<p>Jei turite klausim\u0173 ar norite gauti daugiau informacijos, susisiekite su mumis.<\/p>\n\n\n<style>.wp-block-kadence-advanced-form385-cpt-id, .wp-block-kadence-advanced-form385-cpt-id.kb-form-has-background{padding-top:var(--global-kb-spacing-xxs, 0.5rem);padding-right:var(--global-kb-spacing-xxs, 0.5rem);padding-bottom:var(--global-kb-spacing-xxs, 0.5rem);padding-left:var(--global-kb-spacing-xxs, 0.5rem);}.wp-block-kadence-advanced-form385-cpt-id .kb-advanced-form input[type=text],.wp-block-kadence-advanced-form385-cpt-id .kb-advanced-form input[type=tel],.wp-block-kadence-advanced-form385-cpt-id .kb-advanced-form input[type=number],.wp-block-kadence-advanced-form385-cpt-id .kb-advanced-form input[type=date],.wp-block-kadence-advanced-form385-cpt-id .kb-advanced-form input[type=time],.wp-block-kadence-advanced-form385-cpt-id .kb-advanced-form input[type=email],.wp-block-kadence-advanced-form385-cpt-id .kb-advanced-form input[type=file],.wp-block-kadence-advanced-form385-cpt-id .kb-advanced-form select,.wp-block-kadence-advanced-form385-cpt-id .kb-advanced-form textarea{border-top-left-radius:6px;border-top-right-radius:6px;border-bottom-right-radius:6px;border-bottom-left-radius:6px;box-shadow:1px 1px 2px 0px rgba(0, 0, 0, 0.2);}<\/style><div class=\"wp-block-kadence-advanced-form wp-block-kadence-advanced-form385-cpt-id kb-adv-form-label-style-infield kb-adv-form-input-size-standard kb-form-basic-style wp-block-kadence-advanced-form\"><form id=\"kb-adv-form-385-cpt-id\" class=\"kb-advanced-form\" method=\"post\" data-error-message=\"Pra\u0161ome u\u017epildyti visus privalomus laukus.\">\n<style>.kb-row-layout-id27_2d8f3e-fb > .kt-row-column-wrap{align-content:start;}:where(.kb-row-layout-id27_2d8f3e-fb > .kt-row-column-wrap) > .wp-block-kadence-column{justify-content:start;}.kb-row-layout-id27_2d8f3e-fb > .kt-row-column-wrap{column-gap:var(--global-kb-gap-md, 2rem);row-gap:var(--global-kb-gap-md, 2rem);padding-top:0px;padding-right:0px;padding-bottom:0px;padding-left:0px;grid-template-columns:repeat(2, minmax(0, 1fr));}.kb-row-layout-id27_2d8f3e-fb > .kt-row-layout-overlay{opacity:0.30;}@media all and (max-width: 1024px){.kb-row-layout-id27_2d8f3e-fb > .kt-row-column-wrap{grid-template-columns:repeat(2, minmax(0, 1fr));}}@media all and (max-width: 767px){.kb-row-layout-id27_2d8f3e-fb > .kt-row-column-wrap{grid-template-columns:minmax(0, 1fr);}}<\/style><div class=\"kb-row-layout-wrap kb-row-layout-id27_2d8f3e-fb alignnone wp-block-kadence-rowlayout\"><div class=\"kt-row-column-wrap kt-has-2-columns kt-row-layout-equal kt-tab-layout-inherit kt-mobile-layout-row kt-row-valign-top\">\n<style>.kadence-column27_1f1ddc-35 > .kt-inside-inner-col,.kadence-column27_1f1ddc-35 > .kt-inside-inner-col:before{border-top-left-radius:0px;border-top-right-radius:0px;border-bottom-right-radius:0px;border-bottom-left-radius:0px;}.kadence-column27_1f1ddc-35 > .kt-inside-inner-col{column-gap:var(--global-kb-gap-sm, 1rem);}.kadence-column27_1f1ddc-35 > .kt-inside-inner-col{flex-direction:column;}.kadence-column27_1f1ddc-35 > .kt-inside-inner-col > .aligncenter{width:100%;}.kadence-column27_1f1ddc-35 > .kt-inside-inner-col:before{opacity:0.3;}.kadence-column27_1f1ddc-35{position:relative;}@media all and (max-width: 1024px){.kadence-column27_1f1ddc-35 > .kt-inside-inner-col{flex-direction:column;justify-content:center;}}@media all and (max-width: 767px){.kadence-column27_1f1ddc-35 > .kt-inside-inner-col{flex-direction:column;justify-content:center;}}<\/style>\n<div class=\"wp-block-kadence-column kadence-column27_1f1ddc-35\"><div class=\"kt-inside-inner-col\"><div class=\"kb-adv-form-field kb-adv-form-text-type-input kb-adv-form-infield-type-input kb-field385e5bc69-45 wp-block-kadence-advanced-form-text\"><label class=\"kb-adv-form-label\" for=\"field385e5bc69-45\">J\u016bs\u0173 vardas<\/label><input name=\"fielde5bc69-45\" id=\"field385e5bc69-45\" data-label=\"J\u016bs\u0173 vardas\" type=\"text\" placeholder=\"\" value=\"\" data-type=\"text\" class=\"kb-field kb-text-field\" data-required=\"no\" \/><\/div><\/div><\/div>\n\n\n<style>.kadence-column27_74fed1-28 > .kt-inside-inner-col,.kadence-column27_74fed1-28 > .kt-inside-inner-col:before{border-top-left-radius:0px;border-top-right-radius:0px;border-bottom-right-radius:0px;border-bottom-left-radius:0px;}.kadence-column27_74fed1-28 > .kt-inside-inner-col{column-gap:var(--global-kb-gap-sm, 1rem);}.kadence-column27_74fed1-28 > .kt-inside-inner-col{flex-direction:column;}.kadence-column27_74fed1-28 > .kt-inside-inner-col > .aligncenter{width:100%;}.kadence-column27_74fed1-28 > .kt-inside-inner-col:before{opacity:0.3;}.kadence-column27_74fed1-28{position:relative;}@media all and (max-width: 1024px){.kadence-column27_74fed1-28 > .kt-inside-inner-col{flex-direction:column;justify-content:center;}}@media all and (max-width: 767px){.kadence-column27_74fed1-28 > .kt-inside-inner-col{flex-direction:column;justify-content:center;}}<\/style>\n<div class=\"wp-block-kadence-column kadence-column27_74fed1-28\"><div class=\"kt-inside-inner-col\"><div class=\"kb-adv-form-field kb-adv-form-text-type-input kb-adv-form-infield-type-input kb-field38563e955-f5 wp-block-kadence-advanced-form-email\"><label class=\"kb-adv-form-label\" for=\"field38563e955-f5\">J\u016bs\u0173 el. pa\u0161tas<span class=\"kb-adv-form-required\">*<\/span><\/label><input name=\"field63e955-f5\" id=\"field38563e955-f5\" data-label=\"J\u016bs\u0173 el. pa\u0161tas\" type=\"email\" placeholder=\"\" value=\"\" data-type=\"email\" class=\"kb-field kb-email-field\" data-required=\"yes\" required aria-required=\"true\"\/><\/div><\/div><\/div>\n\n<\/div><\/div>\n\n<div class=\"kb-adv-form-field kb-adv-form-text-type-input kb-adv-form-infield-type-input kb-field3850711f1-66 wp-block-kadence-advanced-form-textarea\"><label class=\"kb-adv-form-label\" for=\"field3850711f1-66\">J\u016bs\u0173 \u017einut\u0117<span class=\"kb-adv-form-required\">*<\/span><\/label><textarea name=\"field0711f1-66\" id=\"field3850711f1-66\" rows=\"3\"  data-label=\"J\u016bs\u0173 \u017einut\u0117\" placeholder=\"\" data-type=\"textarea\" class=\"kb-field kb-textarea-field\" data-required=\"yes\" required aria-required=\"true\"><\/textarea><\/div>\n\n<style>ul.menu .kb-submit-field .kb-btn4eeb1e-f8.kb-button{width:initial;}.kb-submit-field.kb-field4eeb1e-f8{justify-content:center;}<\/style><div class=\"kb-adv-form-field kb-submit-field kb-field4eeb1e-f8 wp-block-kadence-advanced-form-submit\"><button class=\"kb-button kt-button button kb-adv-form-submit-button kb-btn4eeb1e-f8 kt-btn-size-standard kt-btn-width-type-auto kb-btn-global-fill kt-btn-has-text-true kt-btn-has-svg-false\" type=\"submit\"><span class=\"kt-btn-inner-text\">Si\u0173sti \u017einut\u0119<\/span><\/button><\/div>\n<input type=\"hidden\" name=\"_kb_adv_form_post_id\" value=\"385\"><input type=\"hidden\" name=\"action\" value=\"kb_process_advanced_form_submit\"><input type=\"hidden\" name=\"_kb_adv_form_id\" value=\"385-cpt-id\"><\/form><\/div><\/div><\/div>\n\n\n<style>.kadence-column27_6a2f40-72 > .kt-inside-inner-col,.kadence-column27_6a2f40-72 > .kt-inside-inner-col:before{border-top-left-radius:0px;border-top-right-radius:0px;border-bottom-right-radius:0px;border-bottom-left-radius:0px;}.kadence-column27_6a2f40-72 > .kt-inside-inner-col{column-gap:var(--global-kb-gap-sm, 1rem);}.kadence-column27_6a2f40-72 > .kt-inside-inner-col{flex-direction:column;}.kadence-column27_6a2f40-72 > .kt-inside-inner-col > .aligncenter{width:100%;}.kadence-column27_6a2f40-72 > .kt-inside-inner-col:before{opacity:0.3;}.kadence-column27_6a2f40-72{position:relative;}@media all and (max-width: 1024px){.kadence-column27_6a2f40-72 > .kt-inside-inner-col{flex-direction:column;justify-content:center;}}@media all and (max-width: 767px){.kadence-column27_6a2f40-72 > .kt-inside-inner-col{flex-direction:column;justify-content:center;}}<\/style>\n<div class=\"wp-block-kadence-column kadence-column27_6a2f40-72\"><div class=\"kt-inside-inner-col\"><style>.kb-google-maps-container27_0ded2c-10{height:450px;}<\/style><div class=\"kb-google-maps-container kb-google-maps-container27_0ded2c-10  wp-block-kadence-googlemaps\" data-mapid=\"27_0ded2c10\"><iframe width=\"100%\" height=\"100%\"\n\t\t\t\t\t\t\tstyle=\"border:0\" loading=\"lazy\"\n\t\t\t\t\t\t\tsrc=\"https:\/\/www.google.com\/maps\/embed\/v1\/place?key=AIzaSyBAM2o7PiQqwk15LC1XRH2e_KJ-jUa7KYk&#038;zoom=13&#038;maptype=roadmap&#038;q=Nemunai%C4%8Di%C5%B3+g.+6-72+%2C+LT46213+Kaunas\"\n\t\t\t\t\t\t\ttitle=\"Google map of Nemunai\u010di\u0173 g. 6-72 , LT46213 Kaunas\"><\/iframe><\/div><script>function kb_google_map27_0ded2c10() { let center = { lat: 37.8201, lng: -122.4781}; let map = new google.maps.Map(document.getElementById(\"kb-google-map27_0ded2c10\"), {\n\t\t\t\t\t    zoom: 13,\n\t\t\t\t\t    center: center,});let marker = new google.maps.Marker({   position: { lat: 37.8201, lng: -122.4781},    map: map,  });}<\/script><\/div><\/div>\n\n<\/div><\/div>\n\n<style>.kb-row-layout-id27_17afcc-5f > .kt-row-column-wrap{align-content:start;}:where(.kb-row-layout-id27_17afcc-5f > .kt-row-column-wrap) > .wp-block-kadence-column{justify-content:start;}.kb-row-layout-id27_17afcc-5f > .kt-row-column-wrap{column-gap:var(--global-kb-gap-md, 2rem);row-gap:var(--global-kb-gap-md, 2rem);padding-top:var(--global-kb-spacing-sm, 1.5rem);padding-bottom:var(--global-kb-spacing-sm, 1.5rem);grid-template-columns:minmax(0, 1fr);}.kb-row-layout-id27_17afcc-5f > .kt-row-layout-overlay{opacity:0.30;}@media all and (max-width: 1024px){.kb-row-layout-id27_17afcc-5f > .kt-row-column-wrap{grid-template-columns:minmax(0, 1fr);}}@media all and (max-width: 767px){.kb-row-layout-id27_17afcc-5f > .kt-row-column-wrap{grid-template-columns:minmax(0, 1fr);}}<\/style><div class=\"kb-row-layout-wrap kb-row-layout-id27_17afcc-5f alignnone wp-block-kadence-rowlayout\"><div class=\"kt-row-column-wrap kt-has-1-columns kt-row-layout-equal kt-tab-layout-inherit kt-mobile-layout-row kt-row-valign-top\">\n<style>.kadence-column27_f59ea2-21 > .kt-inside-inner-col,.kadence-column27_f59ea2-21 > .kt-inside-inner-col:before{border-top-left-radius:0px;border-top-right-radius:0px;border-bottom-right-radius:0px;border-bottom-left-radius:0px;}.kadence-column27_f59ea2-21 > .kt-inside-inner-col{column-gap:var(--global-kb-gap-sm, 1rem);}.kadence-column27_f59ea2-21 > .kt-inside-inner-col{flex-direction:column;}.kadence-column27_f59ea2-21 > .kt-inside-inner-col > .aligncenter{width:100%;}.kadence-column27_f59ea2-21 > .kt-inside-inner-col:before{opacity:0.3;}.kadence-column27_f59ea2-21{position:relative;}@media all and (max-width: 1024px){.kadence-column27_f59ea2-21 > .kt-inside-inner-col{flex-direction:column;justify-content:center;}}@media all and (max-width: 767px){.kadence-column27_f59ea2-21 > .kt-inside-inner-col{flex-direction:column;justify-content:center;}}<\/style>\n<div class=\"wp-block-kadence-column kadence-column27_f59ea2-21\"><div class=\"kt-inside-inner-col\"><\/div><\/div>\n\n<\/div><\/div>\n\n\n<p><\/p>\n","protected":false},"excerpt":{"rendered":"<p>Susisiekite su mumis Jei turite klausim\u0173 ar norite gauti daugiau informacijos, susisiekite su mumis.<\/p>","protected":false},"author":1,"featured_media":0,"parent":0,"menu_order":0,"comment_status":"closed","ping_status":"closed","template":"","meta":{"_kadence_starter_templates_imported_post":false,"_kad_post_transparent":"","_kad_post_title":"","_kad_post_layout":"","_kad_post_sidebar_id":"","_kad_post_content_style":"","_kad_post_vertical_padding":"","_kad_post_feature":"","_kad_post_feature_position":"","_kad_post_header":false,"_kad_post_footer":false,"_kad_post_classname":"","footnotes":""},"class_list":["post-27","page","type-page","status-publish","hentry"],"_links":{"self":[{"href":"https:\/\/dev.arivet.com\/en\/wp-json\/wp\/v2\/pages\/27","targetHints":{"allow":["GET"]}}],"collection":[{"href":"https:\/\/dev.arivet.com\/en\/wp-json\/wp\/v2\/pages"}],"about":[{"href":"https:\/\/dev.arivet.com\/en\/wp-json\/wp\/v2\/types\/page"}],"author":[{"embeddable":true,"href":"https:\/\/dev.arivet.com\/en\/wp-json\/wp\/v2\/users\/1"}],"replies":[{"embeddable":true,"href":"https:\/\/dev.arivet.com\/en\/wp-json\/wp\/v2\/comments?post=27"}],"version-history":[{"count":14,"href":"https:\/\/dev.arivet.com\/en\/wp-json\/wp\/v2\/pages\/27\/revisions"}],"predecessor-version":[{"id":487,"href":"https:\/\/dev.arivet.com\/en\/wp-json\/wp\/v2\/pages\/27\/revisions\/487"}],"wp:attachment":[{"href":"https:\/\/dev.arivet.com\/en\/wp-json\/wp\/v2\/media?parent=27"}],"curies":[{"name":"wp","href":"https:\/\/api.w.org\/{rel}","templated":true}]}}