{"id":25,"date":"2026-02-28T16:02:44","date_gmt":"2026-02-28T16:02:44","guid":{"rendered":"https:\/\/dev.arivet.com\/?page_id=25"},"modified":"2026-04-01T09:38:35","modified_gmt":"2026-04-01T09:38:35","slug":"apie-mus","status":"publish","type":"page","link":"https:\/\/dev.arivet.com\/en\/apie-mus\/","title":{"rendered":"Apie mus"},"content":{"rendered":"<h2 class=\"wp-block-heading\">M\u016bs\u0173 patarimas klientams: sveiki gyv\u016bnai = sveika produkcija = augantis pelnas. Naudojant m\u016bs\u0173 produktus, J\u016bs pasieksite \u0161\u012f rezultat\u0105.<\/h2>\n\n\n\n<p><strong>ARIVET&nbsp;<\/strong>komanda visuomet r\u016bpinasi savo klientais, tod\u0117l m\u016bs\u0173 svetain\u0117s tikslas \u2013 b\u016bti informacijos \u0161altiniu visiems, dirbantiems su gyv\u016bnais. \u010cia pateikiame informacij\u0105 apie veterinarijos produktus ir pa\u0161ar\u0173 priedus Baltijos rinkoje.<\/p>\n\n\n\n<p>Gyv\u016bn\u0173 sveikatos sektoriuje, &nbsp;ARIVET tiek\u0117jai \u2013 vis\u0173 pam\u0117gti, tiekiantys kokybi\u0161kus produktus. Be to, klientams pageidaujant mes teikiame informacij\u0105 ir apie kitus naudingus produktus. Svetain\u0117 ypa\u010d aktuali \u016bkininkams, veterinarams, zootechnikams, mitybos specialistams ir visiems, kurie r\u016bpinasi gyv\u016bno saugumu. Visi produktai, susij\u0119 su gyv\u016bno sveikata, pateikiami su apra\u0161ymais. Atskiruose skyriuose pateikiama visa informacija apie tiek\u0117jus, esamos rinkos kainos, informacija apie gaminius, mokslinius leidinius. \u010cia taip pat rasite informacij\u0105 apie gyv\u016bn\u0173 ligas.<\/p>\n\n\n\n<p>Svetain\u0117je rasite:<\/p>\n\n\n\n<ul class=\"wp-block-list\">\n<li><a href=\"https:\/\/arivet.com\/produktai\/\">Informacij\u0105 apie produktus<\/a><\/li>\n\n\n\n<li><a href=\"https:\/\/www.arivet.com\/naudingos-nuorodos\">Naudingas nuorodas<\/a><\/li>\n<\/ul>\n\n\n\n<p><em><strong>Mieli tiek\u0117jai, jeigu pageidaujate savo gaminius, susijusius su gyv\u016bn\u0173 sveikata, \u012ftraukti \u012f m\u016bs\u0173 interneto svetain\u0119, susisiekite su mumis.<\/strong><\/em><\/p>\n\n\n<style>.wp-block-kadence-spacer.kt-block-spacer-25_8ddda5-b0 .kt-block-spacer{height:60px;}.wp-block-kadence-spacer.kt-block-spacer-25_8ddda5-b0 .kt-divider{border-top-width:1px;height:1px;border-top-color:#eee;width:80%;border-top-style:solid;}<\/style>\n<div class=\"wp-block-kadence-spacer aligncenter kt-block-spacer-25_8ddda5-b0\"><div class=\"kt-block-spacer kt-block-spacer-halign-center\"><hr class=\"kt-divider\"\/><\/div><\/div>\n\n\n\n<h2 class=\"wp-block-heading has-text-align-center\"><a href=\"https:\/\/dev.arivet.com\/en\/kontaktai\/\" data-type=\"page\" data-id=\"27\">Susisiekite su mumis<\/a> +37069944412 arba ra\u0161ykite office@arivet.com<br><br><\/h2>\n\n\n\n<p><\/p>","protected":false},"excerpt":{"rendered":"<p>M\u016bs\u0173 patarimas klientams: sveiki gyv\u016bnai = sveika produkcija = augantis pelnas. Naudojant m\u016bs\u0173 produktus, J\u016bs pasieksite \u0161\u012f rezultat\u0105. ARIVET&nbsp;komanda visuomet r\u016bpinasi savo klientais, tod\u0117l m\u016bs\u0173 svetain\u0117s tikslas \u2013 b\u016bti informacijos \u0161altiniu visiems, dirbantiems su gyv\u016bnais. \u010cia pateikiame informacij\u0105 apie veterinarijos produktus ir pa\u0161ar\u0173 priedus Baltijos rinkoje. Gyv\u016bn\u0173 sveikatos sektoriuje, &nbsp;ARIVET tiek\u0117jai \u2013 vis\u0173 pam\u0117gti, tiekiantys&#8230;<\/p>","protected":false},"author":1,"featured_media":0,"parent":0,"menu_order":0,"comment_status":"closed","ping_status":"closed","template":"","meta":{"_kadence_starter_templates_imported_post":false,"_kad_post_transparent":"","_kad_post_title":"","_kad_post_layout":"","_kad_post_sidebar_id":"","_kad_post_content_style":"","_kad_post_vertical_padding":"","_kad_post_feature":"","_kad_post_feature_position":"","_kad_post_header":false,"_kad_post_footer":false,"_kad_post_classname":"","footnotes":""},"class_list":["post-25","page","type-page","status-publish","hentry"],"_links":{"self":[{"href":"https:\/\/dev.arivet.com\/en\/wp-json\/wp\/v2\/pages\/25","targetHints":{"allow":["GET"]}}],"collection":[{"href":"https:\/\/dev.arivet.com\/en\/wp-json\/wp\/v2\/pages"}],"about":[{"href":"https:\/\/dev.arivet.com\/en\/wp-json\/wp\/v2\/types\/page"}],"author":[{"embeddable":true,"href":"https:\/\/dev.arivet.com\/en\/wp-json\/wp\/v2\/users\/1"}],"replies":[{"embeddable":true,"href":"https:\/\/dev.arivet.com\/en\/wp-json\/wp\/v2\/comments?post=25"}],"version-history":[{"count":4,"href":"https:\/\/dev.arivet.com\/en\/wp-json\/wp\/v2\/pages\/25\/revisions"}],"predecessor-version":[{"id":406,"href":"https:\/\/dev.arivet.com\/en\/wp-json\/wp\/v2\/pages\/25\/revisions\/406"}],"wp:attachment":[{"href":"https:\/\/dev.arivet.com\/en\/wp-json\/wp\/v2\/media?parent=25"}],"curies":[{"name":"wp","href":"https:\/\/api.w.org\/{rel}","templated":true}]}}