{"id":223,"date":"2026-03-17T09:57:33","date_gmt":"2026-03-17T09:57:33","guid":{"rendered":"https:\/\/dev.arivet.com\/?page_id=223"},"modified":"2026-03-17T09:57:34","modified_gmt":"2026-03-17T09:57:34","slug":"diagnostika","status":"publish","type":"page","link":"https:\/\/dev.arivet.com\/en\/diagnostika\/","title":{"rendered":"Diagnostika"},"content":{"rendered":"<style>.kb-row-layout-id223_78b5e7-48 > .kt-row-column-wrap{align-content:start;}:where(.kb-row-layout-id223_78b5e7-48 > .kt-row-column-wrap) > .wp-block-kadence-column{justify-content:start;}.kb-row-layout-id223_78b5e7-48 > .kt-row-column-wrap{column-gap:var(--global-kb-gap-md, 2rem);row-gap:var(--global-kb-gap-md, 2rem);padding-top:var(--global-kb-spacing-sm, 1.5rem);padding-bottom:var(--global-kb-spacing-sm, 1.5rem);grid-template-columns:minmax(0, 1fr);}.kb-row-layout-id223_78b5e7-48 > .kt-row-layout-overlay{opacity:0.30;}@media all and (max-width: 1024px){.kb-row-layout-id223_78b5e7-48 > .kt-row-column-wrap{grid-template-columns:minmax(0, 1fr);}}@media all and (max-width: 767px){.kb-row-layout-id223_78b5e7-48 > .kt-row-column-wrap{grid-template-columns:minmax(0, 1fr);}}<\/style><div class=\"kb-row-layout-wrap kb-row-layout-id223_78b5e7-48 alignnone wp-block-kadence-rowlayout\"><div class=\"kt-row-column-wrap kt-has-1-columns kt-row-layout-equal kt-tab-layout-inherit kt-mobile-layout-row kt-row-valign-top\">\n<style>.kadence-column223_83ae08-cc > .kt-inside-inner-col,.kadence-column223_83ae08-cc > .kt-inside-inner-col:before{border-top-left-radius:0px;border-top-right-radius:0px;border-bottom-right-radius:0px;border-bottom-left-radius:0px;}.kadence-column223_83ae08-cc > .kt-inside-inner-col{column-gap:var(--global-kb-gap-sm, 1rem);}.kadence-column223_83ae08-cc > .kt-inside-inner-col{flex-direction:column;}.kadence-column223_83ae08-cc > .kt-inside-inner-col > .aligncenter{width:100%;}.kadence-column223_83ae08-cc > .kt-inside-inner-col:before{opacity:0.3;}.kadence-column223_83ae08-cc{position:relative;}@media all and (max-width: 1024px){.kadence-column223_83ae08-cc > .kt-inside-inner-col{flex-direction:column;justify-content:center;}}@media all and (max-width: 767px){.kadence-column223_83ae08-cc > .kt-inside-inner-col{flex-direction:column;justify-content:center;}}<\/style>\n<div class=\"wp-block-kadence-column kadence-column223_83ae08-cc\"><div class=\"kt-inside-inner-col\">\n<h2 class=\"wp-block-heading\">Diagnostikos kategorijos<\/h2>\n\n\n\n<p>Profesional\u016bs diagnostikos sprendimai \u012fvairi\u0173 r\u016b\u0161i\u0173 gyv\u016bnams: galvijams, kiaul\u0117ms, pauk\u0161\u010diams, audin\u0117ms ir augintiniams. Si\u016blome greituosius testus, laboratorinius reagentus ir \u012frang\u0105 tiksliam lig\u0173 nustatymui \u016bkiuose ir veterinarin\u0117je praktikoje.<\/p>\n<\/div><\/div>\n\n<\/div><\/div>\n\n<style>.kb-row-layout-id223_2c8a20-53 > .kt-row-column-wrap{align-content:start;}:where(.kb-row-layout-id223_2c8a20-53 > .kt-row-column-wrap) > .wp-block-kadence-column{justify-content:start;}.kb-row-layout-id223_2c8a20-53 > .kt-row-column-wrap{column-gap:var(--global-kb-gap-md, 2rem);row-gap:var(--global-kb-gap-md, 2rem);padding-top:var(--global-kb-spacing-sm, 1.5rem);padding-bottom:var(--global-kb-spacing-sm, 1.5rem);}.kb-row-layout-id223_2c8a20-53 > .kt-row-column-wrap > div:not(.added-for-specificity){grid-column:initial;}.kb-row-layout-id223_2c8a20-53 > .kt-row-column-wrap{grid-template-columns:repeat(3, minmax(0, 1fr));}.kb-row-layout-id223_2c8a20-53 > .kt-row-layout-overlay{opacity:0.30;}@media all and (max-width: 1024px){.kb-row-layout-id223_2c8a20-53 > .kt-row-column-wrap > div:not(.added-for-specificity){grid-column:initial;}}@media all and (max-width: 1024px){.kb-row-layout-id223_2c8a20-53 > .kt-row-column-wrap{grid-template-columns:repeat(3, minmax(0, 1fr));}}@media all and (max-width: 767px){.kb-row-layout-id223_2c8a20-53 > .kt-row-column-wrap > div:not(.added-for-specificity){grid-column:initial;}.kb-row-layout-id223_2c8a20-53 > .kt-row-column-wrap{grid-template-columns:minmax(0, 1fr);}}<\/style><div class=\"kb-row-layout-wrap kb-row-layout-id223_2c8a20-53 alignnone wp-block-kadence-rowlayout\"><div class=\"kt-row-column-wrap kt-has-3-columns kt-row-layout-equal kt-tab-layout-inherit kt-mobile-layout-row kt-row-valign-top\">\n<style>.kadence-column223_b70e68-42 > .kt-inside-inner-col{box-shadow:0px 0px 14px 0px rgba(0, 0, 0, 0.2);}.kadence-column223_b70e68-42 > .kt-inside-inner-col,.kadence-column223_b70e68-42 > .kt-inside-inner-col:before{border-top-left-radius:6px;border-top-right-radius:6px;border-bottom-right-radius:6px;border-bottom-left-radius:6px;}.kadence-column223_b70e68-42:hover > .kt-inside-inner-col,.kadence-column223_b70e68-42:hover > .kt-inside-inner-col:before{border-top-left-radius:6px;border-top-right-radius:6px;border-bottom-right-radius:6px;border-bottom-left-radius:6px;}.kadence-column223_b70e68-42:hover > .kt-inside-inner-col{box-shadow:15px 15px 0px 0px rgba(0, 0, 0, 0.2);}.kadence-column223_b70e68-42 > .kt-inside-inner-col{column-gap:var(--global-kb-gap-sm, 1rem);}.kadence-column223_b70e68-42 > .kt-inside-inner-col{flex-direction:column;}.kadence-column223_b70e68-42 > .kt-inside-inner-col > .aligncenter{width:100%;}.kadence-column223_b70e68-42 > .kt-inside-inner-col:before{opacity:0.3;}.kadence-column223_b70e68-42{position:relative;}@media all and (max-width: 1024px){.kadence-column223_b70e68-42 > .kt-inside-inner-col{flex-direction:column;justify-content:center;}}@media all and (max-width: 767px){.kadence-column223_b70e68-42 > .kt-inside-inner-col{flex-direction:column;justify-content:center;}}<\/style>\n<div class=\"wp-block-kadence-column kadence-column223_b70e68-42\"><div class=\"kt-inside-inner-col\">\n<figure class=\"wp-block-image size-full\"><a href=\"https:\/\/dev.arivet.com\/en\/product-category\/diagnostika\/galvijai-diagnostika\/\"><img loading=\"lazy\" decoding=\"async\" width=\"960\" height=\"431\" src=\"https:\/\/dev.arivet.com\/wp-content\/uploads\/2026\/03\/Cow_laying_down.jpg\" alt=\"\" class=\"wp-image-52\" style=\"aspect-ratio:3\/2;object-fit:cover\" srcset=\"https:\/\/dev.arivet.com\/wp-content\/uploads\/2026\/03\/Cow_laying_down.jpg 960w, https:\/\/dev.arivet.com\/wp-content\/uploads\/2026\/03\/Cow_laying_down-600x269.jpg 600w, https:\/\/dev.arivet.com\/wp-content\/uploads\/2026\/03\/Cow_laying_down-300x135.jpg 300w, https:\/\/dev.arivet.com\/wp-content\/uploads\/2026\/03\/Cow_laying_down-768x345.jpg 768w, https:\/\/dev.arivet.com\/wp-content\/uploads\/2026\/03\/Cow_laying_down-18x8.jpg 18w\" sizes=\"auto, (max-width: 960px) 100vw, 960px\" \/><\/a><\/figure>\n\n\n\n<h2 class=\"wp-block-heading has-text-align-center\"><a href=\"https:\/\/dev.arivet.com\/en\/product-category\/diagnostika\/galvijai-diagnostika\/\" data-type=\"product_cat\" data-id=\"59\">Diagnostiniai testai galvijams<\/a><\/h2>\n<\/div><\/div>\n\n\n<style>.kadence-column223_73fa45-02 > .kt-inside-inner-col{box-shadow:0px 0px 14px 0px rgba(0, 0, 0, 0.2);}.kadence-column223_73fa45-02 > .kt-inside-inner-col,.kadence-column223_73fa45-02 > .kt-inside-inner-col:before{border-top-left-radius:6px;border-top-right-radius:6px;border-bottom-right-radius:6px;border-bottom-left-radius:6px;}.kadence-column223_73fa45-02:hover > .kt-inside-inner-col,.kadence-column223_73fa45-02:hover > .kt-inside-inner-col:before{border-top-left-radius:6px;border-top-right-radius:6px;border-bottom-right-radius:6px;border-bottom-left-radius:6px;}.kadence-column223_73fa45-02:hover > .kt-inside-inner-col{box-shadow:15px 15px 0px 0px rgba(0, 0, 0, 0.2);}.kadence-column223_73fa45-02 > .kt-inside-inner-col{column-gap:var(--global-kb-gap-sm, 1rem);}.kadence-column223_73fa45-02 > .kt-inside-inner-col{flex-direction:column;}.kadence-column223_73fa45-02 > .kt-inside-inner-col > .aligncenter{width:100%;}.kadence-column223_73fa45-02 > .kt-inside-inner-col:before{opacity:0.3;}.kadence-column223_73fa45-02{position:relative;}@media all and (max-width: 1024px){.kadence-column223_73fa45-02 > .kt-inside-inner-col{flex-direction:column;justify-content:center;}}@media all and (max-width: 767px){.kadence-column223_73fa45-02 > .kt-inside-inner-col{flex-direction:column;justify-content:center;}}<\/style>\n<div class=\"wp-block-kadence-column kadence-column223_73fa45-02\"><div class=\"kt-inside-inner-col\">\n<figure class=\"wp-block-image size-large\"><a href=\"https:\/\/dev.arivet.com\/en\/product-category\/diagnostika\/pauksciai-diagnostika\/\"><img loading=\"lazy\" decoding=\"async\" width=\"1024\" height=\"768\" src=\"https:\/\/dev.arivet.com\/wp-content\/uploads\/2026\/03\/close-up-of-fluffy-yellow-chicks-in-a-basket-symbolizing-new-beginnings.-15773227-1024x768.jpg\" alt=\"Close-up of fluffy yellow chicks in a basket, symbolizing new beginnings.\" class=\"wp-image-180\" style=\"aspect-ratio:3\/2;object-fit:cover\" srcset=\"https:\/\/dev.arivet.com\/wp-content\/uploads\/2026\/03\/close-up-of-fluffy-yellow-chicks-in-a-basket-symbolizing-new-beginnings.-15773227-1024x768.jpg 1024w, https:\/\/dev.arivet.com\/wp-content\/uploads\/2026\/03\/close-up-of-fluffy-yellow-chicks-in-a-basket-symbolizing-new-beginnings.-15773227-300x225.jpg 300w, https:\/\/dev.arivet.com\/wp-content\/uploads\/2026\/03\/close-up-of-fluffy-yellow-chicks-in-a-basket-symbolizing-new-beginnings.-15773227-768x576.jpg 768w, https:\/\/dev.arivet.com\/wp-content\/uploads\/2026\/03\/close-up-of-fluffy-yellow-chicks-in-a-basket-symbolizing-new-beginnings.-15773227-1536x1152.jpg 1536w, https:\/\/dev.arivet.com\/wp-content\/uploads\/2026\/03\/close-up-of-fluffy-yellow-chicks-in-a-basket-symbolizing-new-beginnings.-15773227-2048x1536.jpg 2048w, https:\/\/dev.arivet.com\/wp-content\/uploads\/2026\/03\/close-up-of-fluffy-yellow-chicks-in-a-basket-symbolizing-new-beginnings.-15773227-16x12.jpg 16w, https:\/\/dev.arivet.com\/wp-content\/uploads\/2026\/03\/close-up-of-fluffy-yellow-chicks-in-a-basket-symbolizing-new-beginnings.-15773227-600x450.jpg 600w\" sizes=\"auto, (max-width: 1024px) 100vw, 1024px\" \/><\/a><\/figure>\n\n\n\n<h2 class=\"wp-block-heading has-text-align-center\"><strong><a href=\"https:\/\/dev.arivet.com\/en\/product-category\/diagnostika\/pauksciai-diagnostika\/\" data-type=\"product_cat\" data-id=\"61\">Diagnostiniai testai pauk\u0161\u010diams<\/a><\/strong><\/h2>\n<\/div><\/div>\n\n\n<style>.kadence-column223_e5993d-ae > .kt-inside-inner-col{box-shadow:0px 0px 14px 0px rgba(0, 0, 0, 0.2);}.kadence-column223_e5993d-ae > .kt-inside-inner-col,.kadence-column223_e5993d-ae > .kt-inside-inner-col:before{border-top-left-radius:6px;border-top-right-radius:6px;border-bottom-right-radius:6px;border-bottom-left-radius:6px;}.kadence-column223_e5993d-ae:hover > .kt-inside-inner-col,.kadence-column223_e5993d-ae:hover > .kt-inside-inner-col:before{border-top-left-radius:6px;border-top-right-radius:6px;border-bottom-right-radius:6px;border-bottom-left-radius:3px;}.kadence-column223_e5993d-ae:hover > .kt-inside-inner-col{box-shadow:15px 15px 0px 0px rgba(0, 0, 0, 0.2);}.kadence-column223_e5993d-ae > .kt-inside-inner-col{column-gap:var(--global-kb-gap-sm, 1rem);}.kadence-column223_e5993d-ae > .kt-inside-inner-col{flex-direction:column;}.kadence-column223_e5993d-ae > .kt-inside-inner-col > .aligncenter{width:100%;}.kadence-column223_e5993d-ae > .kt-inside-inner-col:before{opacity:0.3;}.kadence-column223_e5993d-ae{position:relative;}@media all and (max-width: 1024px){.kadence-column223_e5993d-ae > .kt-inside-inner-col{flex-direction:column;justify-content:center;}}@media all and (max-width: 767px){.kadence-column223_e5993d-ae > .kt-inside-inner-col{flex-direction:column;justify-content:center;}}<\/style>\n<div class=\"wp-block-kadence-column kadence-column223_e5993d-ae\"><div class=\"kt-inside-inner-col\">\n<figure class=\"wp-block-image size-large\"><a href=\"https:\/\/dev.arivet.com\/en\/product-category\/diagnostika\/kiaules-diagnostika\/\"><img loading=\"lazy\" decoding=\"async\" width=\"1024\" height=\"681\" src=\"https:\/\/dev.arivet.com\/wp-content\/uploads\/2026\/03\/close-up-of-piglets-playing-in-the-muddy-fields-of-a-boise-farm.-4751423-1024x681.jpg\" alt=\"Close-up of piglets playing in the muddy fields of a Boise farm.\" class=\"wp-image-99\" style=\"aspect-ratio:3\/2;object-fit:cover\" srcset=\"https:\/\/dev.arivet.com\/wp-content\/uploads\/2026\/03\/close-up-of-piglets-playing-in-the-muddy-fields-of-a-boise-farm.-4751423-1024x681.jpg 1024w, https:\/\/dev.arivet.com\/wp-content\/uploads\/2026\/03\/close-up-of-piglets-playing-in-the-muddy-fields-of-a-boise-farm.-4751423-scaled-600x399.jpg 600w, https:\/\/dev.arivet.com\/wp-content\/uploads\/2026\/03\/close-up-of-piglets-playing-in-the-muddy-fields-of-a-boise-farm.-4751423-300x200.jpg 300w, https:\/\/dev.arivet.com\/wp-content\/uploads\/2026\/03\/close-up-of-piglets-playing-in-the-muddy-fields-of-a-boise-farm.-4751423-768x511.jpg 768w, https:\/\/dev.arivet.com\/wp-content\/uploads\/2026\/03\/close-up-of-piglets-playing-in-the-muddy-fields-of-a-boise-farm.-4751423-1536x1022.jpg 1536w, https:\/\/dev.arivet.com\/wp-content\/uploads\/2026\/03\/close-up-of-piglets-playing-in-the-muddy-fields-of-a-boise-farm.-4751423-2048x1363.jpg 2048w, https:\/\/dev.arivet.com\/wp-content\/uploads\/2026\/03\/close-up-of-piglets-playing-in-the-muddy-fields-of-a-boise-farm.-4751423-18x12.jpg 18w\" sizes=\"auto, (max-width: 1024px) 100vw, 1024px\" \/><\/a><\/figure>\n\n\n\n<h2 class=\"wp-block-heading has-text-align-center\"><strong><a href=\"https:\/\/dev.arivet.com\/en\/product-category\/diagnostika\/kiaules-diagnostika\/\" data-type=\"product_cat\" data-id=\"60\">Diagnostiniai testai kiaul\u0117ms<\/a><\/strong><\/h2>\n<\/div><\/div>\n\n\n<style>.kadence-column223_6dbcb1-fe > .kt-inside-inner-col{box-shadow:0px 0px 14px 0px rgba(0, 0, 0, 0.2);}.kadence-column223_6dbcb1-fe > .kt-inside-inner-col,.kadence-column223_6dbcb1-fe > .kt-inside-inner-col:before{border-top-left-radius:6px;border-top-right-radius:6px;border-bottom-right-radius:6px;border-bottom-left-radius:6px;}.kadence-column223_6dbcb1-fe:hover > .kt-inside-inner-col,.kadence-column223_6dbcb1-fe:hover > .kt-inside-inner-col:before{border-top-left-radius:6px;border-top-right-radius:6px;border-bottom-right-radius:6px;border-bottom-left-radius:6px;}.kadence-column223_6dbcb1-fe:hover > .kt-inside-inner-col{box-shadow:15px 15px 0px 0px rgba(0, 0, 0, 0.2);}.kadence-column223_6dbcb1-fe > .kt-inside-inner-col{column-gap:var(--global-kb-gap-sm, 1rem);}.kadence-column223_6dbcb1-fe > .kt-inside-inner-col{flex-direction:column;}.kadence-column223_6dbcb1-fe > .kt-inside-inner-col > .aligncenter{width:100%;}.kadence-column223_6dbcb1-fe > .kt-inside-inner-col:before{opacity:0.3;}.kadence-column223_6dbcb1-fe{position:relative;}@media all and (max-width: 1024px){.kadence-column223_6dbcb1-fe > .kt-inside-inner-col{flex-direction:column;justify-content:center;}}@media all and (max-width: 767px){.kadence-column223_6dbcb1-fe > .kt-inside-inner-col{flex-direction:column;justify-content:center;}}<\/style>\n<div class=\"wp-block-kadence-column kadence-column223_6dbcb1-fe\"><div class=\"kt-inside-inner-col\">\n<figure class=\"wp-block-image size-large\"><a href=\"https:\/\/dev.arivet.com\/en\/product-category\/diagnostika\/kates\/\"><img loading=\"lazy\" decoding=\"async\" width=\"1024\" height=\"569\" src=\"https:\/\/dev.arivet.com\/wp-content\/uploads\/2026\/03\/a-group-of-five-cute-kittens-exploring-and-playing-on-lush-green-grass-outdoors.-45170-1024x569.jpg\" alt=\"A group of five cute kittens exploring and playing on lush green grass outdoors.\" class=\"wp-image-181\" style=\"aspect-ratio:3\/2;object-fit:cover\" srcset=\"https:\/\/dev.arivet.com\/wp-content\/uploads\/2026\/03\/a-group-of-five-cute-kittens-exploring-and-playing-on-lush-green-grass-outdoors.-45170-1024x569.jpg 1024w, https:\/\/dev.arivet.com\/wp-content\/uploads\/2026\/03\/a-group-of-five-cute-kittens-exploring-and-playing-on-lush-green-grass-outdoors.-45170-300x167.jpg 300w, https:\/\/dev.arivet.com\/wp-content\/uploads\/2026\/03\/a-group-of-five-cute-kittens-exploring-and-playing-on-lush-green-grass-outdoors.-45170-768x427.jpg 768w, https:\/\/dev.arivet.com\/wp-content\/uploads\/2026\/03\/a-group-of-five-cute-kittens-exploring-and-playing-on-lush-green-grass-outdoors.-45170-1536x854.jpg 1536w, https:\/\/dev.arivet.com\/wp-content\/uploads\/2026\/03\/a-group-of-five-cute-kittens-exploring-and-playing-on-lush-green-grass-outdoors.-45170-2048x1138.jpg 2048w, https:\/\/dev.arivet.com\/wp-content\/uploads\/2026\/03\/a-group-of-five-cute-kittens-exploring-and-playing-on-lush-green-grass-outdoors.-45170-18x10.jpg 18w, https:\/\/dev.arivet.com\/wp-content\/uploads\/2026\/03\/a-group-of-five-cute-kittens-exploring-and-playing-on-lush-green-grass-outdoors.-45170-600x334.jpg 600w\" sizes=\"auto, (max-width: 1024px) 100vw, 1024px\" \/><\/a><\/figure>\n\n\n\n<h2 class=\"wp-block-heading has-text-align-center\"><strong><a href=\"https:\/\/dev.arivet.com\/en\/product-category\/diagnostika\/kates\/\" data-type=\"product_cat\" data-id=\"63\">Diagnostiniai testai kat\u0117ms<\/a><\/strong><\/h2>\n<\/div><\/div>\n\n\n<style>.kadence-column223_69b0c4-67 > .kt-inside-inner-col{box-shadow:0px 0px 14px 0px rgba(0, 0, 0, 0.2);}.kadence-column223_69b0c4-67 > .kt-inside-inner-col,.kadence-column223_69b0c4-67 > .kt-inside-inner-col:before{border-top-left-radius:6px;border-top-right-radius:6px;border-bottom-right-radius:6px;border-bottom-left-radius:6px;}.kadence-column223_69b0c4-67:hover > .kt-inside-inner-col,.kadence-column223_69b0c4-67:hover > .kt-inside-inner-col:before{border-top-left-radius:6px;border-top-right-radius:6px;border-bottom-right-radius:6px;border-bottom-left-radius:6px;}.kadence-column223_69b0c4-67:hover > .kt-inside-inner-col{box-shadow:15px 15px 0px 0px rgba(0, 0, 0, 0.2);}.kadence-column223_69b0c4-67 > .kt-inside-inner-col{column-gap:var(--global-kb-gap-sm, 1rem);}.kadence-column223_69b0c4-67 > .kt-inside-inner-col{flex-direction:column;}.kadence-column223_69b0c4-67 > .kt-inside-inner-col > .aligncenter{width:100%;}.kadence-column223_69b0c4-67 > .kt-inside-inner-col:before{opacity:0.3;}.kadence-column223_69b0c4-67{position:relative;}@media all and (max-width: 1024px){.kadence-column223_69b0c4-67 > .kt-inside-inner-col{flex-direction:column;justify-content:center;}}@media all and (max-width: 767px){.kadence-column223_69b0c4-67 > .kt-inside-inner-col{flex-direction:column;justify-content:center;}}<\/style>\n<div class=\"wp-block-kadence-column kadence-column223_69b0c4-67\"><div class=\"kt-inside-inner-col\">\n<figure class=\"wp-block-image size-full\"><a href=\"https:\/\/dev.arivet.com\/en\/product-category\/diagnostika\/sunys\/\"><img loading=\"lazy\" decoding=\"async\" width=\"2560\" height=\"1707\" src=\"https:\/\/dev.arivet.com\/wp-content\/uploads\/2026\/03\/adorable-golden-retriever-enjoying-a-sunny-day-outdoors-with-its-tongue-out.-686094-scaled.jpg\" alt=\"Adorable golden retriever enjoying a sunny day outdoors with its tongue out.\" class=\"wp-image-182\" srcset=\"https:\/\/dev.arivet.com\/wp-content\/uploads\/2026\/03\/adorable-golden-retriever-enjoying-a-sunny-day-outdoors-with-its-tongue-out.-686094-scaled.jpg 2560w, https:\/\/dev.arivet.com\/wp-content\/uploads\/2026\/03\/adorable-golden-retriever-enjoying-a-sunny-day-outdoors-with-its-tongue-out.-686094-300x200.jpg 300w, https:\/\/dev.arivet.com\/wp-content\/uploads\/2026\/03\/adorable-golden-retriever-enjoying-a-sunny-day-outdoors-with-its-tongue-out.-686094-1024x683.jpg 1024w, https:\/\/dev.arivet.com\/wp-content\/uploads\/2026\/03\/adorable-golden-retriever-enjoying-a-sunny-day-outdoors-with-its-tongue-out.-686094-768x512.jpg 768w, https:\/\/dev.arivet.com\/wp-content\/uploads\/2026\/03\/adorable-golden-retriever-enjoying-a-sunny-day-outdoors-with-its-tongue-out.-686094-1536x1024.jpg 1536w, https:\/\/dev.arivet.com\/wp-content\/uploads\/2026\/03\/adorable-golden-retriever-enjoying-a-sunny-day-outdoors-with-its-tongue-out.-686094-2048x1365.jpg 2048w, https:\/\/dev.arivet.com\/wp-content\/uploads\/2026\/03\/adorable-golden-retriever-enjoying-a-sunny-day-outdoors-with-its-tongue-out.-686094-18x12.jpg 18w, https:\/\/dev.arivet.com\/wp-content\/uploads\/2026\/03\/adorable-golden-retriever-enjoying-a-sunny-day-outdoors-with-its-tongue-out.-686094-600x400.jpg 600w\" sizes=\"auto, (max-width: 2560px) 100vw, 2560px\" \/><\/a><\/figure>\n\n\n\n<h2 class=\"wp-block-heading has-text-align-center\"><strong><a href=\"https:\/\/dev.arivet.com\/en\/product-category\/diagnostika\/sunys\/\" data-type=\"product_cat\" data-id=\"62\">Diagnostiniai testai \u0161unims<\/a><\/strong><\/h2>\n<\/div><\/div>\n\n\n<style>.kadence-column223_aba64c-e0 > .kt-inside-inner-col{box-shadow:0px 0px 14px 0px rgba(0, 0, 0, 0.2);}.kadence-column223_aba64c-e0 > .kt-inside-inner-col,.kadence-column223_aba64c-e0 > .kt-inside-inner-col:before{border-top-left-radius:6px;border-top-right-radius:6px;border-bottom-right-radius:6px;border-bottom-left-radius:6px;}.kadence-column223_aba64c-e0:hover > .kt-inside-inner-col,.kadence-column223_aba64c-e0:hover > .kt-inside-inner-col:before{border-top-left-radius:6px;border-top-right-radius:6px;border-bottom-right-radius:6px;border-bottom-left-radius:6px;}.kadence-column223_aba64c-e0:hover > .kt-inside-inner-col{box-shadow:15px 15px 0px 0px rgba(0, 0, 0, 0.2);}.kadence-column223_aba64c-e0 > .kt-inside-inner-col{column-gap:var(--global-kb-gap-sm, 1rem);}.kadence-column223_aba64c-e0 > .kt-inside-inner-col{flex-direction:column;}.kadence-column223_aba64c-e0 > .kt-inside-inner-col > .aligncenter{width:100%;}.kadence-column223_aba64c-e0 > .kt-inside-inner-col:before{opacity:0.3;}.kadence-column223_aba64c-e0{position:relative;}@media all and (max-width: 1024px){.kadence-column223_aba64c-e0 > .kt-inside-inner-col{flex-direction:column;justify-content:center;}}@media all and (max-width: 767px){.kadence-column223_aba64c-e0 > .kt-inside-inner-col{flex-direction:column;justify-content:center;}}<\/style>\n<div class=\"wp-block-kadence-column kadence-column223_aba64c-e0\"><div class=\"kt-inside-inner-col\">\n<figure class=\"wp-block-image size-full\"><a href=\"https:\/\/dev.arivet.com\/en\/product-category\/diagnostika\/audines\/\"><img loading=\"lazy\" decoding=\"async\" width=\"2560\" height=\"1707\" src=\"https:\/\/dev.arivet.com\/wp-content\/uploads\/2026\/03\/four-adorable-ferrets-gathered-closely-together-showcasing-their-playful-nature.-7179720-scaled.jpg\" alt=\"Four adorable ferrets gathered closely together, showcasing their playful nature.\" class=\"wp-image-184\" style=\"aspect-ratio:3\/2;object-fit:cover\" srcset=\"https:\/\/dev.arivet.com\/wp-content\/uploads\/2026\/03\/four-adorable-ferrets-gathered-closely-together-showcasing-their-playful-nature.-7179720-scaled.jpg 2560w, https:\/\/dev.arivet.com\/wp-content\/uploads\/2026\/03\/four-adorable-ferrets-gathered-closely-together-showcasing-their-playful-nature.-7179720-300x200.jpg 300w, https:\/\/dev.arivet.com\/wp-content\/uploads\/2026\/03\/four-adorable-ferrets-gathered-closely-together-showcasing-their-playful-nature.-7179720-1024x683.jpg 1024w, https:\/\/dev.arivet.com\/wp-content\/uploads\/2026\/03\/four-adorable-ferrets-gathered-closely-together-showcasing-their-playful-nature.-7179720-768x512.jpg 768w, https:\/\/dev.arivet.com\/wp-content\/uploads\/2026\/03\/four-adorable-ferrets-gathered-closely-together-showcasing-their-playful-nature.-7179720-1536x1024.jpg 1536w, https:\/\/dev.arivet.com\/wp-content\/uploads\/2026\/03\/four-adorable-ferrets-gathered-closely-together-showcasing-their-playful-nature.-7179720-2048x1365.jpg 2048w, https:\/\/dev.arivet.com\/wp-content\/uploads\/2026\/03\/four-adorable-ferrets-gathered-closely-together-showcasing-their-playful-nature.-7179720-18x12.jpg 18w, https:\/\/dev.arivet.com\/wp-content\/uploads\/2026\/03\/four-adorable-ferrets-gathered-closely-together-showcasing-their-playful-nature.-7179720-600x400.jpg 600w\" sizes=\"auto, (max-width: 2560px) 100vw, 2560px\" \/><\/a><\/figure>\n\n\n\n<h2 class=\"wp-block-heading has-text-align-center\"><strong><a href=\"https:\/\/dev.arivet.com\/en\/product-category\/diagnostika\/audines\/\" data-type=\"product_cat\" data-id=\"64\">Diagnostiniai testai audin\u0117ms<\/a><\/strong><\/h2>\n<\/div><\/div>\n\n<\/div><\/div>","protected":false},"excerpt":{"rendered":"<p>Diagnostikos kategorijos Profesional\u016bs diagnostikos sprendimai \u012fvairi\u0173 r\u016b\u0161i\u0173 gyv\u016bnams: galvijams, kiaul\u0117ms, pauk\u0161\u010diams, audin\u0117ms ir augintiniams. Si\u016blome greituosius testus, laboratorinius reagentus ir \u012frang\u0105 tiksliam lig\u0173 nustatymui \u016bkiuose ir veterinarin\u0117je praktikoje. Diagnostiniai testai galvijams Diagnostiniai testai pauk\u0161\u010diams Diagnostiniai testai kiaul\u0117ms Diagnostiniai testai kat\u0117ms Diagnostiniai testai \u0161unims Diagnostiniai testai audin\u0117ms<\/p>","protected":false},"author":1,"featured_media":0,"parent":0,"menu_order":0,"comment_status":"closed","ping_status":"closed","template":"","meta":{"_kadence_starter_templates_imported_post":false,"_kad_post_transparent":"","_kad_post_title":"","_kad_post_layout":"","_kad_post_sidebar_id":"","_kad_post_content_style":"","_kad_post_vertical_padding":"","_kad_post_feature":"","_kad_post_feature_position":"","_kad_post_header":false,"_kad_post_footer":false,"_kad_post_classname":"","footnotes":""},"class_list":["post-223","page","type-page","status-publish","hentry"],"_links":{"self":[{"href":"https:\/\/dev.arivet.com\/en\/wp-json\/wp\/v2\/pages\/223","targetHints":{"allow":["GET"]}}],"collection":[{"href":"https:\/\/dev.arivet.com\/en\/wp-json\/wp\/v2\/pages"}],"about":[{"href":"https:\/\/dev.arivet.com\/en\/wp-json\/wp\/v2\/types\/page"}],"author":[{"embeddable":true,"href":"https:\/\/dev.arivet.com\/en\/wp-json\/wp\/v2\/users\/1"}],"replies":[{"embeddable":true,"href":"https:\/\/dev.arivet.com\/en\/wp-json\/wp\/v2\/comments?post=223"}],"version-history":[{"count":4,"href":"https:\/\/dev.arivet.com\/en\/wp-json\/wp\/v2\/pages\/223\/revisions"}],"predecessor-version":[{"id":227,"href":"https:\/\/dev.arivet.com\/en\/wp-json\/wp\/v2\/pages\/223\/revisions\/227"}],"wp:attachment":[{"href":"https:\/\/dev.arivet.com\/en\/wp-json\/wp\/v2\/media?parent=223"}],"curies":[{"name":"wp","href":"https:\/\/api.w.org\/{rel}","templated":true}]}}