{"id":217,"date":"2026-03-16T17:57:23","date_gmt":"2026-03-16T17:57:23","guid":{"rendered":"https:\/\/dev.arivet.com\/?page_id=217"},"modified":"2026-03-27T12:24:36","modified_gmt":"2026-03-27T12:24:36","slug":"gyvuliu-identifikacija","status":"publish","type":"page","link":"https:\/\/dev.arivet.com\/en\/gyvuliu-identifikacija\/","title":{"rendered":"Gyvuli\u0173 identifikacija"},"content":{"rendered":"<style>.kb-row-layout-id217_086dca-da > .kt-row-column-wrap{align-content:start;}:where(.kb-row-layout-id217_086dca-da > .kt-row-column-wrap) > .wp-block-kadence-column{justify-content:start;}.kb-row-layout-id217_086dca-da > .kt-row-column-wrap{column-gap:var(--global-kb-gap-md, 2rem);row-gap:var(--global-kb-gap-md, 2rem);padding-top:var(--global-kb-spacing-sm, 1.5rem);padding-bottom:var(--global-kb-spacing-sm, 1.5rem);grid-template-columns:minmax(0, 1fr);}.kb-row-layout-id217_086dca-da > .kt-row-layout-overlay{opacity:0.30;}@media all and (max-width: 1024px){.kb-row-layout-id217_086dca-da > .kt-row-column-wrap{grid-template-columns:minmax(0, 1fr);}}@media all and (max-width: 767px){.kb-row-layout-id217_086dca-da > .kt-row-column-wrap{grid-template-columns:minmax(0, 1fr);}}<\/style><div class=\"kb-row-layout-wrap kb-row-layout-id217_086dca-da alignnone wp-block-kadence-rowlayout\"><div class=\"kt-row-column-wrap kt-has-1-columns kt-row-layout-equal kt-tab-layout-inherit kt-mobile-layout-row kt-row-valign-top\">\n<style>.kadence-column217_757751-4b > .kt-inside-inner-col,.kadence-column217_757751-4b > .kt-inside-inner-col:before{border-top-left-radius:0px;border-top-right-radius:0px;border-bottom-right-radius:0px;border-bottom-left-radius:0px;}.kadence-column217_757751-4b > .kt-inside-inner-col{column-gap:var(--global-kb-gap-sm, 1rem);}.kadence-column217_757751-4b > .kt-inside-inner-col{flex-direction:column;}.kadence-column217_757751-4b > .kt-inside-inner-col > .aligncenter{width:100%;}.kadence-column217_757751-4b > .kt-inside-inner-col:before{opacity:0.3;}.kadence-column217_757751-4b{position:relative;}@media all and (max-width: 1024px){.kadence-column217_757751-4b > .kt-inside-inner-col{flex-direction:column;justify-content:center;}}@media all and (max-width: 767px){.kadence-column217_757751-4b > .kt-inside-inner-col{flex-direction:column;justify-content:center;}}<\/style>\n<div class=\"wp-block-kadence-column kadence-column217_757751-4b\"><div class=\"kt-inside-inner-col\">\n<h2 class=\"wp-block-heading\">Gyvuli\u0173 identifikacija<\/h2>\n\n\n\n<p>Gyvuli\u0173 identifikacija yra b\u016btina kiekvienam \u016bkiui, siekian\u010diam tiksliai sekti gyvuli\u0173 kilm\u0119, sveikat\u0105 ir produktyvum\u0105.<br>\u010cia rasite \u012frang\u0105 ir priemones, skirtas galvijams, avims, o\u017ekoms, kiaul\u0117ms, pauk\u0161\u010diams ir kitiems \u016bkio gyv\u016bnams.<\/p>\n<\/div><\/div>\n\n<\/div><\/div>\n\n\n\n<style>.kb-row-layout-id217_d77f60-c8 > .kt-row-column-wrap{align-content:start;}:where(.kb-row-layout-id217_d77f60-c8 > .kt-row-column-wrap) > .wp-block-kadence-column{justify-content:start;}.kb-row-layout-id217_d77f60-c8 > .kt-row-column-wrap{column-gap:var(--global-kb-gap-md, 2rem);row-gap:var(--global-kb-gap-md, 2rem);padding-top:var(--global-kb-spacing-sm, 1.5rem);padding-bottom:var(--global-kb-spacing-sm, 1.5rem);}.kb-row-layout-id217_d77f60-c8 > .kt-row-column-wrap > div:not(.added-for-specificity){grid-column:initial;}.kb-row-layout-id217_d77f60-c8 > .kt-row-column-wrap{grid-template-columns:repeat(3, minmax(0, 1fr));}.kb-row-layout-id217_d77f60-c8 > .kt-row-layout-overlay{opacity:0.30;}@media all and (max-width: 1024px){.kb-row-layout-id217_d77f60-c8 > .kt-row-column-wrap > div:not(.added-for-specificity){grid-column:initial;}}@media all and (max-width: 1024px){.kb-row-layout-id217_d77f60-c8 > .kt-row-column-wrap{grid-template-columns:repeat(3, minmax(0, 1fr));}}@media all and (max-width: 767px){.kb-row-layout-id217_d77f60-c8 > .kt-row-column-wrap > div:not(.added-for-specificity){grid-column:initial;}.kb-row-layout-id217_d77f60-c8 > .kt-row-column-wrap{grid-template-columns:minmax(0, 1fr);}}<\/style><div class=\"kb-row-layout-wrap kb-row-layout-id217_d77f60-c8 alignnone wp-block-kadence-rowlayout\"><div class=\"kt-row-column-wrap kt-has-3-columns kt-row-layout-equal kt-tab-layout-inherit kt-mobile-layout-row kt-row-valign-top\">\n<style>.kadence-column217_725056-90 > .kt-inside-inner-col{box-shadow:0px 0px 14px 0px rgba(0, 0, 0, 0.2);}.kadence-column217_725056-90 > .kt-inside-inner-col,.kadence-column217_725056-90 > .kt-inside-inner-col:before{border-top-left-radius:6px;border-top-right-radius:6px;border-bottom-right-radius:6px;border-bottom-left-radius:6px;}.kadence-column217_725056-90:hover > .kt-inside-inner-col,.kadence-column217_725056-90:hover > .kt-inside-inner-col:before{border-top-left-radius:6px;border-top-right-radius:6px;border-bottom-right-radius:6px;border-bottom-left-radius:6px;}.kadence-column217_725056-90:hover > .kt-inside-inner-col{box-shadow:15px 15px 0px 0px rgba(0, 0, 0, 0.2);}.kadence-column217_725056-90 > .kt-inside-inner-col{column-gap:var(--global-kb-gap-sm, 1rem);}.kadence-column217_725056-90 > .kt-inside-inner-col{flex-direction:column;}.kadence-column217_725056-90 > .kt-inside-inner-col > .aligncenter{width:100%;}.kadence-column217_725056-90 > .kt-inside-inner-col:before{opacity:0.3;}.kadence-column217_725056-90{position:relative;}@media all and (max-width: 1024px){.kadence-column217_725056-90 > .kt-inside-inner-col{flex-direction:column;justify-content:center;}}@media all and (max-width: 767px){.kadence-column217_725056-90 > .kt-inside-inner-col{flex-direction:column;justify-content:center;}}<\/style>\n<div class=\"wp-block-kadence-column kadence-column217_725056-90\"><div class=\"kt-inside-inner-col\">\n<figure class=\"wp-block-image size-full\"><a href=\"https:\/\/dev.arivet.com\/product-category\/gyvuliu-identifikacija\/galvijai\/\"><img loading=\"lazy\" decoding=\"async\" width=\"960\" height=\"431\" src=\"https:\/\/dev.arivet.com\/wp-content\/uploads\/2026\/03\/Cow_laying_down.jpg\" alt=\"\" class=\"wp-image-52\" style=\"aspect-ratio:3\/2;object-fit:cover\" srcset=\"https:\/\/dev.arivet.com\/wp-content\/uploads\/2026\/03\/Cow_laying_down.jpg 960w, https:\/\/dev.arivet.com\/wp-content\/uploads\/2026\/03\/Cow_laying_down-600x269.jpg 600w, https:\/\/dev.arivet.com\/wp-content\/uploads\/2026\/03\/Cow_laying_down-300x135.jpg 300w, https:\/\/dev.arivet.com\/wp-content\/uploads\/2026\/03\/Cow_laying_down-768x345.jpg 768w, https:\/\/dev.arivet.com\/wp-content\/uploads\/2026\/03\/Cow_laying_down-18x8.jpg 18w\" sizes=\"auto, (max-width: 960px) 100vw, 960px\" \/><\/a><\/figure>\n\n\n\n<h2 class=\"wp-block-heading has-text-align-center\"><a href=\"https:\/\/dev.arivet.com\/product-category\/gyvuliu-identifikacija\/galvijai\/\" data-type=\"product_cat\" data-id=\"52\">Galvijai<\/a><\/h2>\n<\/div><\/div>\n\n\n<style>.kadence-column217_1bf305-f9 > .kt-inside-inner-col{box-shadow:0px 0px 14px 0px rgba(0, 0, 0, 0.2);}.kadence-column217_1bf305-f9 > .kt-inside-inner-col,.kadence-column217_1bf305-f9 > .kt-inside-inner-col:before{border-top-left-radius:6px;border-top-right-radius:6px;border-bottom-right-radius:6px;border-bottom-left-radius:6px;}.kadence-column217_1bf305-f9:hover > .kt-inside-inner-col,.kadence-column217_1bf305-f9:hover > .kt-inside-inner-col:before{border-top-left-radius:6px;border-top-right-radius:6px;border-bottom-right-radius:6px;border-bottom-left-radius:6px;}.kadence-column217_1bf305-f9:hover > .kt-inside-inner-col{box-shadow:15px 15px 0px 0px rgba(0, 0, 0, 0.2);}.kadence-column217_1bf305-f9 > .kt-inside-inner-col{column-gap:var(--global-kb-gap-sm, 1rem);}.kadence-column217_1bf305-f9 > .kt-inside-inner-col{flex-direction:column;}.kadence-column217_1bf305-f9 > .kt-inside-inner-col > .aligncenter{width:100%;}.kadence-column217_1bf305-f9 > .kt-inside-inner-col:before{opacity:0.3;}.kadence-column217_1bf305-f9{position:relative;}@media all and (max-width: 1024px){.kadence-column217_1bf305-f9 > .kt-inside-inner-col{flex-direction:column;justify-content:center;}}@media all and (max-width: 767px){.kadence-column217_1bf305-f9 > .kt-inside-inner-col{flex-direction:column;justify-content:center;}}<\/style>\n<div class=\"wp-block-kadence-column kadence-column217_1bf305-f9\"><div class=\"kt-inside-inner-col\">\n<figure class=\"wp-block-image size-large\"><a href=\"https:\/\/dev.arivet.com\/product-category\/gyvuliu-identifikacija\/avys-ir-ozkos\/\"><img loading=\"lazy\" decoding=\"async\" width=\"1024\" height=\"683\" src=\"https:\/\/dev.arivet.com\/wp-content\/uploads\/2026\/03\/a-large-flock-of-sheep-grazing-peacefully-in-a-lush-green-pasture-under-trees.-4639039-1024x683.jpg\" alt=\"A large flock of sheep grazing peacefully in a lush green pasture under trees.\" class=\"wp-image-92\" style=\"aspect-ratio:3\/2;object-fit:cover\" srcset=\"https:\/\/dev.arivet.com\/wp-content\/uploads\/2026\/03\/a-large-flock-of-sheep-grazing-peacefully-in-a-lush-green-pasture-under-trees.-4639039-1024x683.jpg 1024w, https:\/\/dev.arivet.com\/wp-content\/uploads\/2026\/03\/a-large-flock-of-sheep-grazing-peacefully-in-a-lush-green-pasture-under-trees.-4639039-scaled-600x400.jpg 600w, https:\/\/dev.arivet.com\/wp-content\/uploads\/2026\/03\/a-large-flock-of-sheep-grazing-peacefully-in-a-lush-green-pasture-under-trees.-4639039-300x200.jpg 300w, https:\/\/dev.arivet.com\/wp-content\/uploads\/2026\/03\/a-large-flock-of-sheep-grazing-peacefully-in-a-lush-green-pasture-under-trees.-4639039-768x512.jpg 768w, https:\/\/dev.arivet.com\/wp-content\/uploads\/2026\/03\/a-large-flock-of-sheep-grazing-peacefully-in-a-lush-green-pasture-under-trees.-4639039-1536x1025.jpg 1536w, https:\/\/dev.arivet.com\/wp-content\/uploads\/2026\/03\/a-large-flock-of-sheep-grazing-peacefully-in-a-lush-green-pasture-under-trees.-4639039-2048x1366.jpg 2048w, https:\/\/dev.arivet.com\/wp-content\/uploads\/2026\/03\/a-large-flock-of-sheep-grazing-peacefully-in-a-lush-green-pasture-under-trees.-4639039-18x12.jpg 18w\" sizes=\"auto, (max-width: 1024px) 100vw, 1024px\" \/><\/a><\/figure>\n\n\n\n<h2 class=\"wp-block-heading has-text-align-center\"><a href=\"https:\/\/dev.arivet.com\/product-category\/gyvuliu-identifikacija\/avys-ir-ozkos\/\" data-type=\"product_cat\" data-id=\"53\">Avys ir o\u017ekos<\/a><\/h2>\n<\/div><\/div>\n\n\n<style>.kadence-column217_97c85c-19 > .kt-inside-inner-col{box-shadow:0px 0px 14px 0px rgba(0, 0, 0, 0.2);}.kadence-column217_97c85c-19 > .kt-inside-inner-col,.kadence-column217_97c85c-19 > .kt-inside-inner-col:before{border-top-left-radius:6px;border-top-right-radius:6px;border-bottom-right-radius:6px;border-bottom-left-radius:6px;}.kadence-column217_97c85c-19:hover > .kt-inside-inner-col,.kadence-column217_97c85c-19:hover > .kt-inside-inner-col:before{border-top-left-radius:6px;border-top-right-radius:6px;border-bottom-right-radius:6px;border-bottom-left-radius:3px;}.kadence-column217_97c85c-19:hover > .kt-inside-inner-col{box-shadow:15px 15px 0px 0px rgba(0, 0, 0, 0.2);}.kadence-column217_97c85c-19 > .kt-inside-inner-col{column-gap:var(--global-kb-gap-sm, 1rem);}.kadence-column217_97c85c-19 > .kt-inside-inner-col{flex-direction:column;}.kadence-column217_97c85c-19 > .kt-inside-inner-col > .aligncenter{width:100%;}.kadence-column217_97c85c-19 > .kt-inside-inner-col:before{opacity:0.3;}.kadence-column217_97c85c-19{position:relative;}@media all and (max-width: 1024px){.kadence-column217_97c85c-19 > .kt-inside-inner-col{flex-direction:column;justify-content:center;}}@media all and (max-width: 767px){.kadence-column217_97c85c-19 > .kt-inside-inner-col{flex-direction:column;justify-content:center;}}<\/style>\n<div class=\"wp-block-kadence-column kadence-column217_97c85c-19\"><div class=\"kt-inside-inner-col\">\n<figure class=\"wp-block-image size-large\"><a href=\"https:\/\/dev.arivet.com\/product-category\/gyvuliu-identifikacija\/kiaules\/\"><img loading=\"lazy\" decoding=\"async\" width=\"1024\" height=\"681\" src=\"https:\/\/dev.arivet.com\/wp-content\/uploads\/2026\/03\/close-up-of-piglets-playing-in-the-muddy-fields-of-a-boise-farm.-4751423-1024x681.jpg\" alt=\"Close-up of piglets playing in the muddy fields of a Boise farm.\" class=\"wp-image-99\" style=\"aspect-ratio:3\/2;object-fit:cover\" srcset=\"https:\/\/dev.arivet.com\/wp-content\/uploads\/2026\/03\/close-up-of-piglets-playing-in-the-muddy-fields-of-a-boise-farm.-4751423-1024x681.jpg 1024w, https:\/\/dev.arivet.com\/wp-content\/uploads\/2026\/03\/close-up-of-piglets-playing-in-the-muddy-fields-of-a-boise-farm.-4751423-scaled-600x399.jpg 600w, https:\/\/dev.arivet.com\/wp-content\/uploads\/2026\/03\/close-up-of-piglets-playing-in-the-muddy-fields-of-a-boise-farm.-4751423-300x200.jpg 300w, https:\/\/dev.arivet.com\/wp-content\/uploads\/2026\/03\/close-up-of-piglets-playing-in-the-muddy-fields-of-a-boise-farm.-4751423-768x511.jpg 768w, https:\/\/dev.arivet.com\/wp-content\/uploads\/2026\/03\/close-up-of-piglets-playing-in-the-muddy-fields-of-a-boise-farm.-4751423-1536x1022.jpg 1536w, https:\/\/dev.arivet.com\/wp-content\/uploads\/2026\/03\/close-up-of-piglets-playing-in-the-muddy-fields-of-a-boise-farm.-4751423-2048x1363.jpg 2048w, https:\/\/dev.arivet.com\/wp-content\/uploads\/2026\/03\/close-up-of-piglets-playing-in-the-muddy-fields-of-a-boise-farm.-4751423-18x12.jpg 18w\" sizes=\"auto, (max-width: 1024px) 100vw, 1024px\" \/><\/a><\/figure>\n\n\n\n<h2 class=\"wp-block-heading has-text-align-center\"><a href=\"https:\/\/dev.arivet.com\/product-category\/gyvuliu-identifikacija\/kiaules\/\" data-type=\"product_cat\" data-id=\"54\">Kiaul\u0117s<\/a><\/h2>\n<\/div><\/div>\n\n\n<style>.kadence-column217_fb924a-b5 > .kt-inside-inner-col{box-shadow:0px 0px 14px 0px rgba(0, 0, 0, 0.2);}.kadence-column217_fb924a-b5 > .kt-inside-inner-col,.kadence-column217_fb924a-b5 > .kt-inside-inner-col:before{border-top-left-radius:6px;border-top-right-radius:6px;border-bottom-right-radius:6px;border-bottom-left-radius:6px;}.kadence-column217_fb924a-b5:hover > .kt-inside-inner-col,.kadence-column217_fb924a-b5:hover > .kt-inside-inner-col:before{border-top-left-radius:6px;border-top-right-radius:6px;border-bottom-right-radius:6px;border-bottom-left-radius:6px;}.kadence-column217_fb924a-b5:hover > .kt-inside-inner-col{box-shadow:15px 15px 0px 0px rgba(0, 0, 0, 0.2);}.kadence-column217_fb924a-b5 > .kt-inside-inner-col{column-gap:var(--global-kb-gap-sm, 1rem);}.kadence-column217_fb924a-b5 > .kt-inside-inner-col{flex-direction:column;}.kadence-column217_fb924a-b5 > .kt-inside-inner-col > .aligncenter{width:100%;}.kadence-column217_fb924a-b5 > .kt-inside-inner-col:before{opacity:0.3;}.kadence-column217_fb924a-b5{position:relative;}@media all and (max-width: 1024px){.kadence-column217_fb924a-b5 > .kt-inside-inner-col{flex-direction:column;justify-content:center;}}@media all and (max-width: 767px){.kadence-column217_fb924a-b5 > .kt-inside-inner-col{flex-direction:column;justify-content:center;}}<\/style>\n<div class=\"wp-block-kadence-column kadence-column217_fb924a-b5\"><div class=\"kt-inside-inner-col\">\n<figure class=\"wp-block-image size-large\"><a href=\"https:\/\/dev.arivet.com\/product-category\/gyvuliu-identifikacija\/arkliai\/\"><img loading=\"lazy\" decoding=\"async\" width=\"1024\" height=\"683\" src=\"https:\/\/dev.arivet.com\/wp-content\/uploads\/2026\/03\/beautiful-gray-horse-in-a-vibrant-autumn-landscape-with-colorful-trees.-34582354-1024x683.jpg\" alt=\"Beautiful gray horse in a vibrant autumn landscape with colorful trees.\" class=\"wp-image-96\" srcset=\"https:\/\/dev.arivet.com\/wp-content\/uploads\/2026\/03\/beautiful-gray-horse-in-a-vibrant-autumn-landscape-with-colorful-trees.-34582354-1024x683.jpg 1024w, https:\/\/dev.arivet.com\/wp-content\/uploads\/2026\/03\/beautiful-gray-horse-in-a-vibrant-autumn-landscape-with-colorful-trees.-34582354-scaled-600x400.jpg 600w, https:\/\/dev.arivet.com\/wp-content\/uploads\/2026\/03\/beautiful-gray-horse-in-a-vibrant-autumn-landscape-with-colorful-trees.-34582354-300x200.jpg 300w, https:\/\/dev.arivet.com\/wp-content\/uploads\/2026\/03\/beautiful-gray-horse-in-a-vibrant-autumn-landscape-with-colorful-trees.-34582354-768x512.jpg 768w, https:\/\/dev.arivet.com\/wp-content\/uploads\/2026\/03\/beautiful-gray-horse-in-a-vibrant-autumn-landscape-with-colorful-trees.-34582354-1536x1024.jpg 1536w, https:\/\/dev.arivet.com\/wp-content\/uploads\/2026\/03\/beautiful-gray-horse-in-a-vibrant-autumn-landscape-with-colorful-trees.-34582354-2048x1365.jpg 2048w, https:\/\/dev.arivet.com\/wp-content\/uploads\/2026\/03\/beautiful-gray-horse-in-a-vibrant-autumn-landscape-with-colorful-trees.-34582354-18x12.jpg 18w\" sizes=\"auto, (max-width: 1024px) 100vw, 1024px\" \/><\/a><\/figure>\n\n\n\n<h2 class=\"wp-block-heading has-text-align-center\"><a href=\"https:\/\/dev.arivet.com\/product-category\/gyvuliu-identifikacija\/arkliai\/\" data-type=\"product_cat\" data-id=\"55\">Arkliai<\/a><\/h2>\n<\/div><\/div>\n\n\n<style>.kadence-column217_d5c799-6a > .kt-inside-inner-col{box-shadow:0px 0px 14px 0px rgba(0, 0, 0, 0.2);}.kadence-column217_d5c799-6a > .kt-inside-inner-col,.kadence-column217_d5c799-6a > .kt-inside-inner-col:before{border-top-left-radius:6px;border-top-right-radius:6px;border-bottom-right-radius:6px;border-bottom-left-radius:6px;}.kadence-column217_d5c799-6a:hover > .kt-inside-inner-col,.kadence-column217_d5c799-6a:hover > .kt-inside-inner-col:before{border-top-left-radius:6px;border-top-right-radius:6px;border-bottom-right-radius:6px;border-bottom-left-radius:6px;}.kadence-column217_d5c799-6a:hover > .kt-inside-inner-col{box-shadow:15px 15px 0px 0px rgba(0, 0, 0, 0.2);}.kadence-column217_d5c799-6a > .kt-inside-inner-col{column-gap:var(--global-kb-gap-sm, 1rem);}.kadence-column217_d5c799-6a > .kt-inside-inner-col{flex-direction:column;}.kadence-column217_d5c799-6a > .kt-inside-inner-col > .aligncenter{width:100%;}.kadence-column217_d5c799-6a > .kt-inside-inner-col:before{opacity:0.3;}.kadence-column217_d5c799-6a{position:relative;}@media all and (max-width: 1024px){.kadence-column217_d5c799-6a > .kt-inside-inner-col{flex-direction:column;justify-content:center;}}@media all and (max-width: 767px){.kadence-column217_d5c799-6a > .kt-inside-inner-col{flex-direction:column;justify-content:center;}}<\/style>\n<div class=\"wp-block-kadence-column kadence-column217_d5c799-6a\"><div class=\"kt-inside-inner-col\">\n<figure class=\"wp-block-image size-large\"><a href=\"https:\/\/dev.arivet.com\/product-category\/gyvuliu-identifikacija\/naminiai-augintiniai\/\"><img loading=\"lazy\" decoding=\"async\" width=\"1024\" height=\"683\" src=\"https:\/\/dev.arivet.com\/wp-content\/uploads\/2026\/03\/a-cute-scene-of-a-cat-and-dog-interacting-playfully-in-a-bathtub-indoors.-9952105-1024x683.jpg\" alt=\"A cute scene of a cat and dog interacting playfully in a bathtub, indoors.\" class=\"wp-image-97\" srcset=\"https:\/\/dev.arivet.com\/wp-content\/uploads\/2026\/03\/a-cute-scene-of-a-cat-and-dog-interacting-playfully-in-a-bathtub-indoors.-9952105-1024x683.jpg 1024w, https:\/\/dev.arivet.com\/wp-content\/uploads\/2026\/03\/a-cute-scene-of-a-cat-and-dog-interacting-playfully-in-a-bathtub-indoors.-9952105-scaled-600x400.jpg 600w, https:\/\/dev.arivet.com\/wp-content\/uploads\/2026\/03\/a-cute-scene-of-a-cat-and-dog-interacting-playfully-in-a-bathtub-indoors.-9952105-300x200.jpg 300w, https:\/\/dev.arivet.com\/wp-content\/uploads\/2026\/03\/a-cute-scene-of-a-cat-and-dog-interacting-playfully-in-a-bathtub-indoors.-9952105-768x512.jpg 768w, https:\/\/dev.arivet.com\/wp-content\/uploads\/2026\/03\/a-cute-scene-of-a-cat-and-dog-interacting-playfully-in-a-bathtub-indoors.-9952105-1536x1025.jpg 1536w, https:\/\/dev.arivet.com\/wp-content\/uploads\/2026\/03\/a-cute-scene-of-a-cat-and-dog-interacting-playfully-in-a-bathtub-indoors.-9952105-2048x1366.jpg 2048w, https:\/\/dev.arivet.com\/wp-content\/uploads\/2026\/03\/a-cute-scene-of-a-cat-and-dog-interacting-playfully-in-a-bathtub-indoors.-9952105-18x12.jpg 18w\" sizes=\"auto, (max-width: 1024px) 100vw, 1024px\" \/><\/a><\/figure>\n\n\n\n<h2 class=\"wp-block-heading has-text-align-center\"><a href=\"https:\/\/dev.arivet.com\/product-category\/gyvuliu-identifikacija\/naminiai-augintiniai\/\" data-type=\"product_cat\" data-id=\"97\">Naminiai augintiniai<\/a><\/h2>\n<\/div><\/div>\n\n\n<style>.kadence-column217_9afe19-a0 > .kt-inside-inner-col{box-shadow:0px 0px 14px 0px rgba(0, 0, 0, 0.2);}.kadence-column217_9afe19-a0 > .kt-inside-inner-col,.kadence-column217_9afe19-a0 > .kt-inside-inner-col:before{border-top-left-radius:6px;border-top-right-radius:6px;border-bottom-right-radius:6px;border-bottom-left-radius:6px;}.kadence-column217_9afe19-a0:hover > .kt-inside-inner-col,.kadence-column217_9afe19-a0:hover > .kt-inside-inner-col:before{border-top-left-radius:6px;border-top-right-radius:6px;border-bottom-right-radius:6px;border-bottom-left-radius:6px;}.kadence-column217_9afe19-a0:hover > .kt-inside-inner-col{box-shadow:15px 15px 0px 0px rgba(0, 0, 0, 0.2);}.kadence-column217_9afe19-a0 > .kt-inside-inner-col{column-gap:var(--global-kb-gap-sm, 1rem);}.kadence-column217_9afe19-a0 > .kt-inside-inner-col{flex-direction:column;}.kadence-column217_9afe19-a0 > .kt-inside-inner-col > .aligncenter{width:100%;}.kadence-column217_9afe19-a0 > .kt-inside-inner-col:before{opacity:0.3;}.kadence-column217_9afe19-a0{position:relative;}@media all and (max-width: 1024px){.kadence-column217_9afe19-a0 > .kt-inside-inner-col{flex-direction:column;justify-content:center;}}@media all and (max-width: 767px){.kadence-column217_9afe19-a0 > .kt-inside-inner-col{flex-direction:column;justify-content:center;}}<\/style>\n<div class=\"wp-block-kadence-column kadence-column217_9afe19-a0\"><div class=\"kt-inside-inner-col\">\n<figure class=\"wp-block-image size-large\"><a href=\"https:\/\/dev.arivet.com\/product-category\/gyvuliu-identifikacija\/zuvys\/\"><img loading=\"lazy\" decoding=\"async\" width=\"1024\" height=\"683\" src=\"https:\/\/dev.arivet.com\/wp-content\/uploads\/2026\/03\/close-up-of-a-colorful-oscar-fish-swimming-gracefully-underwater.-2109800-1024x683.jpg\" alt=\"Close-up of a colorful oscar fish swimming gracefully underwater.\" class=\"wp-image-98\" srcset=\"https:\/\/dev.arivet.com\/wp-content\/uploads\/2026\/03\/close-up-of-a-colorful-oscar-fish-swimming-gracefully-underwater.-2109800-1024x683.jpg 1024w, https:\/\/dev.arivet.com\/wp-content\/uploads\/2026\/03\/close-up-of-a-colorful-oscar-fish-swimming-gracefully-underwater.-2109800-scaled-600x400.jpg 600w, https:\/\/dev.arivet.com\/wp-content\/uploads\/2026\/03\/close-up-of-a-colorful-oscar-fish-swimming-gracefully-underwater.-2109800-300x200.jpg 300w, https:\/\/dev.arivet.com\/wp-content\/uploads\/2026\/03\/close-up-of-a-colorful-oscar-fish-swimming-gracefully-underwater.-2109800-768x512.jpg 768w, https:\/\/dev.arivet.com\/wp-content\/uploads\/2026\/03\/close-up-of-a-colorful-oscar-fish-swimming-gracefully-underwater.-2109800-1536x1024.jpg 1536w, https:\/\/dev.arivet.com\/wp-content\/uploads\/2026\/03\/close-up-of-a-colorful-oscar-fish-swimming-gracefully-underwater.-2109800-2048x1365.jpg 2048w, https:\/\/dev.arivet.com\/wp-content\/uploads\/2026\/03\/close-up-of-a-colorful-oscar-fish-swimming-gracefully-underwater.-2109800-18x12.jpg 18w\" sizes=\"auto, (max-width: 1024px) 100vw, 1024px\" \/><\/a><\/figure>\n\n\n\n<h2 class=\"wp-block-heading has-text-align-center\"><a href=\"https:\/\/dev.arivet.com\/product-category\/gyvuliu-identifikacija\/zuvys\/\" data-type=\"product_cat\" data-id=\"56\">\u017duvys<\/a><\/h2>\n<\/div><\/div>\n\n<\/div><\/div>\n\n\n<div data-block-name=\"woocommerce\/reviews-by-category\" data-edit-mode=\"false\" class=\"wp-block-woocommerce-reviews-by-category wc-block-reviews-by-category has-image has-name has-date has-rating has-content has-product-name\" data-image-type=\"reviewer\" data-orderby=\"most-recent\" data-reviews-on-page-load=\"10\" data-reviews-on-load-more=\"10\" data-show-load-more=\"true\" data-show-orderby=\"true\" data-category-ids=\"[23,28,26,27,25,24]\"><\/div>\n\n\n\n<p><\/p>\n","protected":false},"excerpt":{"rendered":"<p>Gyvuli\u0173 identifikacija Gyvuli\u0173 identifikacija yra b\u016btina kiekvienam \u016bkiui, siekian\u010diam tiksliai sekti gyvuli\u0173 kilm\u0119, sveikat\u0105 ir produktyvum\u0105.\u010cia rasite \u012frang\u0105 ir priemones, skirtas galvijams, avims, o\u017ekoms, kiaul\u0117ms, pauk\u0161\u010diams ir kitiems \u016bkio gyv\u016bnams. Galvijai Avys ir o\u017ekos Kiaul\u0117s Arkliai Naminiai augintiniai \u017duvys<\/p>","protected":false},"author":1,"featured_media":0,"parent":0,"menu_order":0,"comment_status":"closed","ping_status":"closed","template":"","meta":{"_kadence_starter_templates_imported_post":false,"_kad_post_transparent":"","_kad_post_title":"","_kad_post_layout":"","_kad_post_sidebar_id":"","_kad_post_content_style":"","_kad_post_vertical_padding":"","_kad_post_feature":"","_kad_post_feature_position":"","_kad_post_header":false,"_kad_post_footer":false,"_kad_post_classname":"","footnotes":""},"class_list":["post-217","page","type-page","status-publish","hentry"],"_links":{"self":[{"href":"https:\/\/dev.arivet.com\/en\/wp-json\/wp\/v2\/pages\/217","targetHints":{"allow":["GET"]}}],"collection":[{"href":"https:\/\/dev.arivet.com\/en\/wp-json\/wp\/v2\/pages"}],"about":[{"href":"https:\/\/dev.arivet.com\/en\/wp-json\/wp\/v2\/types\/page"}],"author":[{"embeddable":true,"href":"https:\/\/dev.arivet.com\/en\/wp-json\/wp\/v2\/users\/1"}],"replies":[{"embeddable":true,"href":"https:\/\/dev.arivet.com\/en\/wp-json\/wp\/v2\/comments?post=217"}],"version-history":[{"count":4,"href":"https:\/\/dev.arivet.com\/en\/wp-json\/wp\/v2\/pages\/217\/revisions"}],"predecessor-version":[{"id":382,"href":"https:\/\/dev.arivet.com\/en\/wp-json\/wp\/v2\/pages\/217\/revisions\/382"}],"wp:attachment":[{"href":"https:\/\/dev.arivet.com\/en\/wp-json\/wp\/v2\/media?parent=217"}],"curies":[{"name":"wp","href":"https:\/\/api.w.org\/{rel}","templated":true}]}}